{"id":990,"date":"2022-01-12T17:09:21","date_gmt":"2022-01-12T16:09:21","guid":{"rendered":"https:\/\/www.szpitalnaklinach.pl\/klo\/?page_id=990"},"modified":"2022-01-12T17:18:30","modified_gmt":"2022-01-12T16:18:30","slug":"bariatryczna-wigilia-jedno-uszko-chochelka-barszczu","status":"publish","type":"page","link":"https:\/\/www.szpitalnaklinach.pl\/klo\/historie-pacjentow\/bariatryczna-wigilia-jedno-uszko-chochelka-barszczu\/","title":{"rendered":"Bariatryczna Wigilia: jedno uszko, chochelka barszczu"},"content":{"rendered":"","protected":false},"excerpt":{"rendered":"","protected":false},"author":1,"featured_media":0,"parent":994,"menu_order":0,"comment_status":"closed","ping_status":"closed","template":"","meta":{"footnotes":""},"class_list":["post-990","page","type-page","status-publish","hentry"],"yoast_head":"<!-- This site is optimized with the Yoast SEO plugin v17.2 - https:\/\/yoast.com\/wordpress\/plugins\/seo\/ -->\n<title>Bariatryczna Wigilia: jedno uszko, chochelka barszczu - Klinika Leczenia Oty\u0142o\u015bci w Szpitalu na Klinach<\/title>\n<meta name=\"robots\" content=\"index, follow, max-snippet:-1, max-image-preview:large, max-video-preview:-1\" \/>\n<link rel=\"canonical\" href=\"https:\/\/www.szpitalnaklinach.pl\/klo\/historie-pacjentow\/bariatryczna-wigilia-jedno-uszko-chochelka-barszczu\/\" \/>\n<meta property=\"og:locale\" content=\"pl_PL\" \/>\n<meta property=\"og:type\" content=\"article\" \/>\n<meta property=\"og:title\" content=\"Bariatryczna Wigilia: jedno uszko, chochelka barszczu - Klinika Leczenia Oty\u0142o\u015bci w Szpitalu na Klinach\" \/>\n<meta property=\"og:url\" content=\"https:\/\/www.szpitalnaklinach.pl\/klo\/historie-pacjentow\/bariatryczna-wigilia-jedno-uszko-chochelka-barszczu\/\" \/>\n<meta property=\"og:site_name\" content=\"Klinika Leczenia Oty\u0142o\u015bci w Szpitalu na Klinach\" \/>\n<meta property=\"article:modified_time\" content=\"2022-01-12T16:18:30+00:00\" \/>\n<meta name=\"twitter:card\" content=\"summary_large_image\" \/>\n<script type=\"application\/ld+json\" class=\"yoast-schema-graph\">{\"@context\":\"https:\/\/schema.org\",\"@graph\":[{\"@type\":\"WebSite\",\"@id\":\"https:\/\/www.szpitalnaklinach.pl\/klo\/#website\",\"url\":\"https:\/\/www.szpitalnaklinach.pl\/klo\/\",\"name\":\"Klinika Leczenia Oty\\u0142o\\u015bci w Szpitalu na Klinach\",\"description\":\"Klinika Leczenia Oty\\u0142o\\u015bci w Szpitalu na Klinach\",\"potentialAction\":[{\"@type\":\"SearchAction\",\"target\":{\"@type\":\"EntryPoint\",\"urlTemplate\":\"https:\/\/www.szpitalnaklinach.pl\/klo\/?s={search_term_string}\"},\"query-input\":\"required name=search_term_string\"}],\"inLanguage\":\"pl-PL\"},{\"@type\":\"WebPage\",\"@id\":\"https:\/\/www.szpitalnaklinach.pl\/klo\/historie-pacjentow\/bariatryczna-wigilia-jedno-uszko-chochelka-barszczu\/#webpage\",\"url\":\"https:\/\/www.szpitalnaklinach.pl\/klo\/historie-pacjentow\/bariatryczna-wigilia-jedno-uszko-chochelka-barszczu\/\",\"name\":\"Bariatryczna Wigilia: jedno uszko, chochelka barszczu - Klinika Leczenia Oty\\u0142o\\u015bci w Szpitalu na Klinach\",\"isPartOf\":{\"@id\":\"https:\/\/www.szpitalnaklinach.pl\/klo\/#website\"},\"datePublished\":\"2022-01-12T16:09:21+00:00\",\"dateModified\":\"2022-01-12T16:18:30+00:00\",\"breadcrumb\":{\"@id\":\"https:\/\/www.szpitalnaklinach.pl\/klo\/historie-pacjentow\/bariatryczna-wigilia-jedno-uszko-chochelka-barszczu\/#breadcrumb\"},\"inLanguage\":\"pl-PL\",\"potentialAction\":[{\"@type\":\"ReadAction\",\"target\":[\"https:\/\/www.szpitalnaklinach.pl\/klo\/historie-pacjentow\/bariatryczna-wigilia-jedno-uszko-chochelka-barszczu\/\"]}]},{\"@type\":\"BreadcrumbList\",\"@id\":\"https:\/\/www.szpitalnaklinach.pl\/klo\/historie-pacjentow\/bariatryczna-wigilia-jedno-uszko-chochelka-barszczu\/#breadcrumb\",\"itemListElement\":[{\"@type\":\"ListItem\",\"position\":1,\"name\":\"Strona g\\u0142\\u00f3wna\",\"item\":\"https:\/\/www.szpitalnaklinach.pl\/klo\/\"},{\"@type\":\"ListItem\",\"position\":2,\"name\":\"Historie pacjent\\u00f3w Kliniki Leczenia Oty\\u0142o\\u015bci Szpitala na Klinach\",\"item\":\"https:\/\/www.szpitalnaklinach.pl\/klo\/historie-pacjentow\/\"},{\"@type\":\"ListItem\",\"position\":3,\"name\":\"Bariatryczna Wigilia: jedno uszko, chochelka barszczu\"}]}]}<\/script>\n<!-- \/ Yoast SEO plugin. -->","yoast_head_json":{"title":"Bariatryczna Wigilia: jedno uszko, chochelka barszczu - Klinika Leczenia Oty\u0142o\u015bci w Szpitalu na Klinach","robots":{"index":"index","follow":"follow","max-snippet":"max-snippet:-1","max-image-preview":"max-image-preview:large","max-video-preview":"max-video-preview:-1"},"canonical":"https:\/\/www.szpitalnaklinach.pl\/klo\/historie-pacjentow\/bariatryczna-wigilia-jedno-uszko-chochelka-barszczu\/","og_locale":"pl_PL","og_type":"article","og_title":"Bariatryczna Wigilia: jedno uszko, chochelka barszczu - Klinika Leczenia Oty\u0142o\u015bci w Szpitalu na Klinach","og_url":"https:\/\/www.szpitalnaklinach.pl\/klo\/historie-pacjentow\/bariatryczna-wigilia-jedno-uszko-chochelka-barszczu\/","og_site_name":"Klinika Leczenia Oty\u0142o\u015bci w Szpitalu na Klinach","article_modified_time":"2022-01-12T16:18:30+00:00","twitter_card":"summary_large_image","schema":{"@context":"https:\/\/schema.org","@graph":[{"@type":"WebSite","@id":"https:\/\/www.szpitalnaklinach.pl\/klo\/#website","url":"https:\/\/www.szpitalnaklinach.pl\/klo\/","name":"Klinika Leczenia Oty\u0142o\u015bci w Szpitalu na Klinach","description":"Klinika Leczenia Oty\u0142o\u015bci w Szpitalu na Klinach","potentialAction":[{"@type":"SearchAction","target":{"@type":"EntryPoint","urlTemplate":"https:\/\/www.szpitalnaklinach.pl\/klo\/?s={search_term_string}"},"query-input":"required name=search_term_string"}],"inLanguage":"pl-PL"},{"@type":"WebPage","@id":"https:\/\/www.szpitalnaklinach.pl\/klo\/historie-pacjentow\/bariatryczna-wigilia-jedno-uszko-chochelka-barszczu\/#webpage","url":"https:\/\/www.szpitalnaklinach.pl\/klo\/historie-pacjentow\/bariatryczna-wigilia-jedno-uszko-chochelka-barszczu\/","name":"Bariatryczna Wigilia: jedno uszko, chochelka barszczu - Klinika Leczenia Oty\u0142o\u015bci w Szpitalu na Klinach","isPartOf":{"@id":"https:\/\/www.szpitalnaklinach.pl\/klo\/#website"},"datePublished":"2022-01-12T16:09:21+00:00","dateModified":"2022-01-12T16:18:30+00:00","breadcrumb":{"@id":"https:\/\/www.szpitalnaklinach.pl\/klo\/historie-pacjentow\/bariatryczna-wigilia-jedno-uszko-chochelka-barszczu\/#breadcrumb"},"inLanguage":"pl-PL","potentialAction":[{"@type":"ReadAction","target":["https:\/\/www.szpitalnaklinach.pl\/klo\/historie-pacjentow\/bariatryczna-wigilia-jedno-uszko-chochelka-barszczu\/"]}]},{"@type":"BreadcrumbList","@id":"https:\/\/www.szpitalnaklinach.pl\/klo\/historie-pacjentow\/bariatryczna-wigilia-jedno-uszko-chochelka-barszczu\/#breadcrumb","itemListElement":[{"@type":"ListItem","position":1,"name":"Strona g\u0142\u00f3wna","item":"https:\/\/www.szpitalnaklinach.pl\/klo\/"},{"@type":"ListItem","position":2,"name":"Historie pacjent\u00f3w Kliniki Leczenia Oty\u0142o\u015bci Szpitala na Klinach","item":"https:\/\/www.szpitalnaklinach.pl\/klo\/historie-pacjentow\/"},{"@type":"ListItem","position":3,"name":"Bariatryczna Wigilia: jedno uszko, chochelka barszczu"}]}]}},"_links":{"self":[{"href":"https:\/\/www.szpitalnaklinach.pl\/klo\/wp-json\/wp\/v2\/pages\/990","targetHints":{"allow":["GET"]}}],"collection":[{"href":"https:\/\/www.szpitalnaklinach.pl\/klo\/wp-json\/wp\/v2\/pages"}],"about":[{"href":"https:\/\/www.szpitalnaklinach.pl\/klo\/wp-json\/wp\/v2\/types\/page"}],"author":[{"embeddable":true,"href":"https:\/\/www.szpitalnaklinach.pl\/klo\/wp-json\/wp\/v2\/users\/1"}],"replies":[{"embeddable":true,"href":"https:\/\/www.szpitalnaklinach.pl\/klo\/wp-json\/wp\/v2\/comments?post=990"}],"version-history":[{"count":2,"href":"https:\/\/www.szpitalnaklinach.pl\/klo\/wp-json\/wp\/v2\/pages\/990\/revisions"}],"predecessor-version":[{"id":993,"href":"https:\/\/www.szpitalnaklinach.pl\/klo\/wp-json\/wp\/v2\/pages\/990\/revisions\/993"}],"up":[{"embeddable":true,"href":"https:\/\/www.szpitalnaklinach.pl\/klo\/wp-json\/wp\/v2\/pages\/994"}],"wp:attachment":[{"href":"https:\/\/www.szpitalnaklinach.pl\/klo\/wp-json\/wp\/v2\/media?parent=990"}],"curies":[{"name":"wp","href":"https:\/\/api.w.org\/{rel}","templated":true}]}}