{"id":48,"date":"2020-09-10T15:10:03","date_gmt":"2020-09-10T13:10:03","guid":{"rendered":"https:\/\/www.szpitalnaklinach.pl\/klo?page_id=48"},"modified":"2020-10-21T15:27:58","modified_gmt":"2020-10-21T13:27:58","slug":"kontakt","status":"publish","type":"page","link":"https:\/\/www.szpitalnaklinach.pl\/klo\/kontakt\/","title":{"rendered":"Kontakt"},"content":{"rendered":"","protected":false},"excerpt":{"rendered":"","protected":false},"author":1,"featured_media":0,"parent":0,"menu_order":0,"comment_status":"closed","ping_status":"closed","template":"","meta":{"footnotes":""},"class_list":["post-48","page","type-page","status-publish","hentry"],"yoast_head":"<!-- This site is optimized with the Yoast SEO plugin v17.2 - https:\/\/yoast.com\/wordpress\/plugins\/seo\/ -->\n<title>Kontakt - Klinika Leczenia Oty\u0142o\u015bci w Szpitalu na Klinach<\/title>\n<meta name=\"description\" content=\"Masz pytania o operacj\u0119 zmniejszania \u017co\u0142\u0105dka lub chcesz podj\u0105\u0107 leczenie oty\u0142o\u015bci? Zadzwo\u0144: \ud83d\udcde785 053 200 \ud83d\udc69\u200d\u2695\ufe0fIndywidualny Opiekun Pacjenta\" \/>\n<meta name=\"robots\" content=\"index, follow, max-snippet:-1, max-image-preview:large, max-video-preview:-1\" \/>\n<link rel=\"canonical\" href=\"https:\/\/www.szpitalnaklinach.pl\/klo\/kontakt\/\" \/>\n<meta property=\"og:locale\" content=\"pl_PL\" \/>\n<meta property=\"og:type\" content=\"article\" \/>\n<meta property=\"og:title\" content=\"Kontakt - Klinika Leczenia Oty\u0142o\u015bci w Szpitalu na Klinach\" \/>\n<meta property=\"og:description\" content=\"Masz pytania o operacj\u0119 zmniejszania \u017co\u0142\u0105dka lub chcesz podj\u0105\u0107 leczenie oty\u0142o\u015bci? Zadzwo\u0144: \ud83d\udcde785 053 200 \ud83d\udc69\u200d\u2695\ufe0fIndywidualny Opiekun Pacjenta\" \/>\n<meta property=\"og:url\" content=\"https:\/\/www.szpitalnaklinach.pl\/klo\/kontakt\/\" \/>\n<meta property=\"og:site_name\" content=\"Klinika Leczenia Oty\u0142o\u015bci w Szpitalu na Klinach\" \/>\n<meta property=\"article:modified_time\" content=\"2020-10-21T13:27:58+00:00\" \/>\n<meta name=\"twitter:card\" content=\"summary_large_image\" \/>\n<script type=\"application\/ld+json\" class=\"yoast-schema-graph\">{\"@context\":\"https:\/\/schema.org\",\"@graph\":[{\"@type\":\"WebSite\",\"@id\":\"https:\/\/www.szpitalnaklinach.pl\/klo\/#website\",\"url\":\"https:\/\/www.szpitalnaklinach.pl\/klo\/\",\"name\":\"Klinika Leczenia Oty\\u0142o\\u015bci w Szpitalu na Klinach\",\"description\":\"Klinika Leczenia Oty\\u0142o\\u015bci w Szpitalu na Klinach\",\"potentialAction\":[{\"@type\":\"SearchAction\",\"target\":{\"@type\":\"EntryPoint\",\"urlTemplate\":\"https:\/\/www.szpitalnaklinach.pl\/klo\/?s={search_term_string}\"},\"query-input\":\"required name=search_term_string\"}],\"inLanguage\":\"pl-PL\"},{\"@type\":\"WebPage\",\"@id\":\"https:\/\/www.szpitalnaklinach.pl\/klo\/kontakt\/#webpage\",\"url\":\"https:\/\/www.szpitalnaklinach.pl\/klo\/kontakt\/\",\"name\":\"Kontakt - Klinika Leczenia Oty\\u0142o\\u015bci w Szpitalu na Klinach\",\"isPartOf\":{\"@id\":\"https:\/\/www.szpitalnaklinach.pl\/klo\/#website\"},\"datePublished\":\"2020-09-10T13:10:03+00:00\",\"dateModified\":\"2020-10-21T13:27:58+00:00\",\"description\":\"Masz pytania o operacj\\u0119 zmniejszania \\u017co\\u0142\\u0105dka lub chcesz podj\\u0105\\u0107 leczenie oty\\u0142o\\u015bci? Zadzwo\\u0144: \\ud83d\\udcde785 053 200 \\ud83d\\udc69\\u200d\\u2695\\ufe0fIndywidualny Opiekun Pacjenta\",\"breadcrumb\":{\"@id\":\"https:\/\/www.szpitalnaklinach.pl\/klo\/kontakt\/#breadcrumb\"},\"inLanguage\":\"pl-PL\",\"potentialAction\":[{\"@type\":\"ReadAction\",\"target\":[\"https:\/\/www.szpitalnaklinach.pl\/klo\/kontakt\/\"]}]},{\"@type\":\"BreadcrumbList\",\"@id\":\"https:\/\/www.szpitalnaklinach.pl\/klo\/kontakt\/#breadcrumb\",\"itemListElement\":[{\"@type\":\"ListItem\",\"position\":1,\"name\":\"Strona g\\u0142\\u00f3wna\",\"item\":\"https:\/\/www.szpitalnaklinach.pl\/klo\/\"},{\"@type\":\"ListItem\",\"position\":2,\"name\":\"Kontakt\"}]}]}<\/script>\n<!-- \/ Yoast SEO plugin. -->","yoast_head_json":{"title":"Kontakt - Klinika Leczenia Oty\u0142o\u015bci w Szpitalu na Klinach","description":"Masz pytania o operacj\u0119 zmniejszania \u017co\u0142\u0105dka lub chcesz podj\u0105\u0107 leczenie oty\u0142o\u015bci? Zadzwo\u0144: \ud83d\udcde785 053 200 \ud83d\udc69\u200d\u2695\ufe0fIndywidualny Opiekun Pacjenta","robots":{"index":"index","follow":"follow","max-snippet":"max-snippet:-1","max-image-preview":"max-image-preview:large","max-video-preview":"max-video-preview:-1"},"canonical":"https:\/\/www.szpitalnaklinach.pl\/klo\/kontakt\/","og_locale":"pl_PL","og_type":"article","og_title":"Kontakt - Klinika Leczenia Oty\u0142o\u015bci w Szpitalu na Klinach","og_description":"Masz pytania o operacj\u0119 zmniejszania \u017co\u0142\u0105dka lub chcesz podj\u0105\u0107 leczenie oty\u0142o\u015bci? Zadzwo\u0144: \ud83d\udcde785 053 200 \ud83d\udc69\u200d\u2695\ufe0fIndywidualny Opiekun Pacjenta","og_url":"https:\/\/www.szpitalnaklinach.pl\/klo\/kontakt\/","og_site_name":"Klinika Leczenia Oty\u0142o\u015bci w Szpitalu na Klinach","article_modified_time":"2020-10-21T13:27:58+00:00","twitter_card":"summary_large_image","schema":{"@context":"https:\/\/schema.org","@graph":[{"@type":"WebSite","@id":"https:\/\/www.szpitalnaklinach.pl\/klo\/#website","url":"https:\/\/www.szpitalnaklinach.pl\/klo\/","name":"Klinika Leczenia Oty\u0142o\u015bci w Szpitalu na Klinach","description":"Klinika Leczenia Oty\u0142o\u015bci w Szpitalu na Klinach","potentialAction":[{"@type":"SearchAction","target":{"@type":"EntryPoint","urlTemplate":"https:\/\/www.szpitalnaklinach.pl\/klo\/?s={search_term_string}"},"query-input":"required name=search_term_string"}],"inLanguage":"pl-PL"},{"@type":"WebPage","@id":"https:\/\/www.szpitalnaklinach.pl\/klo\/kontakt\/#webpage","url":"https:\/\/www.szpitalnaklinach.pl\/klo\/kontakt\/","name":"Kontakt - Klinika Leczenia Oty\u0142o\u015bci w Szpitalu na Klinach","isPartOf":{"@id":"https:\/\/www.szpitalnaklinach.pl\/klo\/#website"},"datePublished":"2020-09-10T13:10:03+00:00","dateModified":"2020-10-21T13:27:58+00:00","description":"Masz pytania o operacj\u0119 zmniejszania \u017co\u0142\u0105dka lub chcesz podj\u0105\u0107 leczenie oty\u0142o\u015bci? Zadzwo\u0144: \ud83d\udcde785 053 200 \ud83d\udc69\u200d\u2695\ufe0fIndywidualny Opiekun Pacjenta","breadcrumb":{"@id":"https:\/\/www.szpitalnaklinach.pl\/klo\/kontakt\/#breadcrumb"},"inLanguage":"pl-PL","potentialAction":[{"@type":"ReadAction","target":["https:\/\/www.szpitalnaklinach.pl\/klo\/kontakt\/"]}]},{"@type":"BreadcrumbList","@id":"https:\/\/www.szpitalnaklinach.pl\/klo\/kontakt\/#breadcrumb","itemListElement":[{"@type":"ListItem","position":1,"name":"Strona g\u0142\u00f3wna","item":"https:\/\/www.szpitalnaklinach.pl\/klo\/"},{"@type":"ListItem","position":2,"name":"Kontakt"}]}]}},"_links":{"self":[{"href":"https:\/\/www.szpitalnaklinach.pl\/klo\/wp-json\/wp\/v2\/pages\/48","targetHints":{"allow":["GET"]}}],"collection":[{"href":"https:\/\/www.szpitalnaklinach.pl\/klo\/wp-json\/wp\/v2\/pages"}],"about":[{"href":"https:\/\/www.szpitalnaklinach.pl\/klo\/wp-json\/wp\/v2\/types\/page"}],"author":[{"embeddable":true,"href":"https:\/\/www.szpitalnaklinach.pl\/klo\/wp-json\/wp\/v2\/users\/1"}],"replies":[{"embeddable":true,"href":"https:\/\/www.szpitalnaklinach.pl\/klo\/wp-json\/wp\/v2\/comments?post=48"}],"version-history":[{"count":14,"href":"https:\/\/www.szpitalnaklinach.pl\/klo\/wp-json\/wp\/v2\/pages\/48\/revisions"}],"predecessor-version":[{"id":708,"href":"https:\/\/www.szpitalnaklinach.pl\/klo\/wp-json\/wp\/v2\/pages\/48\/revisions\/708"}],"wp:attachment":[{"href":"https:\/\/www.szpitalnaklinach.pl\/klo\/wp-json\/wp\/v2\/media?parent=48"}],"curies":[{"name":"wp","href":"https:\/\/api.w.org\/{rel}","templated":true}]}}