{"id":463,"date":"2020-09-25T11:26:23","date_gmt":"2020-09-25T09:26:23","guid":{"rendered":"https:\/\/www.szpitalnaklinach.pl\/klo?page_id=463"},"modified":"2023-06-29T18:15:52","modified_gmt":"2023-06-29T16:15:52","slug":"opieka-po-zabiegu-i-zalecenia-pozabiegowe","status":"publish","type":"page","link":"https:\/\/www.szpitalnaklinach.pl\/klo\/zycie-po-operacji-bariatycznej\/opieka-po-zabiegu-i-zalecenia-pozabiegowe\/","title":{"rendered":"Opieka po zabiegu i zalecenia pozabiegowe"},"content":{"rendered":"","protected":false},"excerpt":{"rendered":"","protected":false},"author":1,"featured_media":0,"parent":44,"menu_order":0,"comment_status":"closed","ping_status":"closed","template":"","meta":{"footnotes":""},"class_list":["post-463","page","type-page","status-publish","hentry"],"yoast_head":"<!-- This site is optimized with the Yoast SEO plugin v17.2 - https:\/\/yoast.com\/wordpress\/plugins\/seo\/ -->\n<title>Opieka po operacji zmniejszenia \u017co\u0142\u0105dka i zalecenia pozabiegowe<\/title>\n<meta name=\"description\" content=\"Jak wygl\u0105da opieka nad pacjentem po operacji zmniejszania \u017co\u0142\u0105dka? Jakie s\u0105 zalecenia w pierwszych i nast\u0119pnych dniach po operacji?\" \/>\n<meta name=\"robots\" content=\"index, follow, max-snippet:-1, max-image-preview:large, max-video-preview:-1\" \/>\n<link rel=\"canonical\" href=\"https:\/\/www.szpitalnaklinach.pl\/klo\/zycie-po-operacji-bariatycznej\/opieka-po-zabiegu-i-zalecenia-pozabiegowe\/\" \/>\n<meta property=\"og:locale\" content=\"pl_PL\" \/>\n<meta property=\"og:type\" content=\"article\" \/>\n<meta property=\"og:title\" content=\"Opieka po operacji zmniejszenia \u017co\u0142\u0105dka i zalecenia pozabiegowe\" \/>\n<meta property=\"og:description\" content=\"Jak wygl\u0105da opieka nad pacjentem po operacji zmniejszania \u017co\u0142\u0105dka? Jakie s\u0105 zalecenia w pierwszych i nast\u0119pnych dniach po operacji?\" \/>\n<meta property=\"og:url\" content=\"https:\/\/www.szpitalnaklinach.pl\/klo\/zycie-po-operacji-bariatycznej\/opieka-po-zabiegu-i-zalecenia-pozabiegowe\/\" \/>\n<meta property=\"og:site_name\" content=\"Klinika Leczenia Oty\u0142o\u015bci w Szpitalu na Klinach\" \/>\n<meta property=\"article:modified_time\" content=\"2023-06-29T16:15:52+00:00\" \/>\n<meta name=\"twitter:card\" content=\"summary_large_image\" \/>\n<script type=\"application\/ld+json\" class=\"yoast-schema-graph\">{\"@context\":\"https:\/\/schema.org\",\"@graph\":[{\"@type\":\"WebSite\",\"@id\":\"https:\/\/www.szpitalnaklinach.pl\/klo\/#website\",\"url\":\"https:\/\/www.szpitalnaklinach.pl\/klo\/\",\"name\":\"Klinika Leczenia Oty\\u0142o\\u015bci w Szpitalu na Klinach\",\"description\":\"Klinika Leczenia Oty\\u0142o\\u015bci w Szpitalu na Klinach\",\"potentialAction\":[{\"@type\":\"SearchAction\",\"target\":{\"@type\":\"EntryPoint\",\"urlTemplate\":\"https:\/\/www.szpitalnaklinach.pl\/klo\/?s={search_term_string}\"},\"query-input\":\"required name=search_term_string\"}],\"inLanguage\":\"pl-PL\"},{\"@type\":\"WebPage\",\"@id\":\"https:\/\/www.szpitalnaklinach.pl\/klo\/zycie-po-operacji-bariatycznej\/opieka-po-zabiegu-i-zalecenia-pozabiegowe\/#webpage\",\"url\":\"https:\/\/www.szpitalnaklinach.pl\/klo\/zycie-po-operacji-bariatycznej\/opieka-po-zabiegu-i-zalecenia-pozabiegowe\/\",\"name\":\"Opieka po operacji zmniejszenia \\u017co\\u0142\\u0105dka i zalecenia pozabiegowe\",\"isPartOf\":{\"@id\":\"https:\/\/www.szpitalnaklinach.pl\/klo\/#website\"},\"datePublished\":\"2020-09-25T09:26:23+00:00\",\"dateModified\":\"2023-06-29T16:15:52+00:00\",\"description\":\"Jak wygl\\u0105da opieka nad pacjentem po operacji zmniejszania \\u017co\\u0142\\u0105dka? Jakie s\\u0105 zalecenia w pierwszych i nast\\u0119pnych dniach po operacji?\",\"breadcrumb\":{\"@id\":\"https:\/\/www.szpitalnaklinach.pl\/klo\/zycie-po-operacji-bariatycznej\/opieka-po-zabiegu-i-zalecenia-pozabiegowe\/#breadcrumb\"},\"inLanguage\":\"pl-PL\",\"potentialAction\":[{\"@type\":\"ReadAction\",\"target\":[\"https:\/\/www.szpitalnaklinach.pl\/klo\/zycie-po-operacji-bariatycznej\/opieka-po-zabiegu-i-zalecenia-pozabiegowe\/\"]}]},{\"@type\":\"BreadcrumbList\",\"@id\":\"https:\/\/www.szpitalnaklinach.pl\/klo\/zycie-po-operacji-bariatycznej\/opieka-po-zabiegu-i-zalecenia-pozabiegowe\/#breadcrumb\",\"itemListElement\":[{\"@type\":\"ListItem\",\"position\":1,\"name\":\"Strona g\\u0142\\u00f3wna\",\"item\":\"https:\/\/www.szpitalnaklinach.pl\/klo\/\"},{\"@type\":\"ListItem\",\"position\":2,\"name\":\"\\u017bycie po operacji bariatycznej\",\"item\":\"https:\/\/www.szpitalnaklinach.pl\/klo\/zycie-po-operacji-bariatycznej\/\"},{\"@type\":\"ListItem\",\"position\":3,\"name\":\"Opieka po zabiegu i zalecenia pozabiegowe\"}]}]}<\/script>\n<!-- \/ Yoast SEO plugin. -->","yoast_head_json":{"title":"Opieka po operacji zmniejszenia \u017co\u0142\u0105dka i zalecenia pozabiegowe","description":"Jak wygl\u0105da opieka nad pacjentem po operacji zmniejszania \u017co\u0142\u0105dka? Jakie s\u0105 zalecenia w pierwszych i nast\u0119pnych dniach po operacji?","robots":{"index":"index","follow":"follow","max-snippet":"max-snippet:-1","max-image-preview":"max-image-preview:large","max-video-preview":"max-video-preview:-1"},"canonical":"https:\/\/www.szpitalnaklinach.pl\/klo\/zycie-po-operacji-bariatycznej\/opieka-po-zabiegu-i-zalecenia-pozabiegowe\/","og_locale":"pl_PL","og_type":"article","og_title":"Opieka po operacji zmniejszenia \u017co\u0142\u0105dka i zalecenia pozabiegowe","og_description":"Jak wygl\u0105da opieka nad pacjentem po operacji zmniejszania \u017co\u0142\u0105dka? Jakie s\u0105 zalecenia w pierwszych i nast\u0119pnych dniach po operacji?","og_url":"https:\/\/www.szpitalnaklinach.pl\/klo\/zycie-po-operacji-bariatycznej\/opieka-po-zabiegu-i-zalecenia-pozabiegowe\/","og_site_name":"Klinika Leczenia Oty\u0142o\u015bci w Szpitalu na Klinach","article_modified_time":"2023-06-29T16:15:52+00:00","twitter_card":"summary_large_image","schema":{"@context":"https:\/\/schema.org","@graph":[{"@type":"WebSite","@id":"https:\/\/www.szpitalnaklinach.pl\/klo\/#website","url":"https:\/\/www.szpitalnaklinach.pl\/klo\/","name":"Klinika Leczenia Oty\u0142o\u015bci w Szpitalu na Klinach","description":"Klinika Leczenia Oty\u0142o\u015bci w Szpitalu na Klinach","potentialAction":[{"@type":"SearchAction","target":{"@type":"EntryPoint","urlTemplate":"https:\/\/www.szpitalnaklinach.pl\/klo\/?s={search_term_string}"},"query-input":"required name=search_term_string"}],"inLanguage":"pl-PL"},{"@type":"WebPage","@id":"https:\/\/www.szpitalnaklinach.pl\/klo\/zycie-po-operacji-bariatycznej\/opieka-po-zabiegu-i-zalecenia-pozabiegowe\/#webpage","url":"https:\/\/www.szpitalnaklinach.pl\/klo\/zycie-po-operacji-bariatycznej\/opieka-po-zabiegu-i-zalecenia-pozabiegowe\/","name":"Opieka po operacji zmniejszenia \u017co\u0142\u0105dka i zalecenia pozabiegowe","isPartOf":{"@id":"https:\/\/www.szpitalnaklinach.pl\/klo\/#website"},"datePublished":"2020-09-25T09:26:23+00:00","dateModified":"2023-06-29T16:15:52+00:00","description":"Jak wygl\u0105da opieka nad pacjentem po operacji zmniejszania \u017co\u0142\u0105dka? Jakie s\u0105 zalecenia w pierwszych i nast\u0119pnych dniach po operacji?","breadcrumb":{"@id":"https:\/\/www.szpitalnaklinach.pl\/klo\/zycie-po-operacji-bariatycznej\/opieka-po-zabiegu-i-zalecenia-pozabiegowe\/#breadcrumb"},"inLanguage":"pl-PL","potentialAction":[{"@type":"ReadAction","target":["https:\/\/www.szpitalnaklinach.pl\/klo\/zycie-po-operacji-bariatycznej\/opieka-po-zabiegu-i-zalecenia-pozabiegowe\/"]}]},{"@type":"BreadcrumbList","@id":"https:\/\/www.szpitalnaklinach.pl\/klo\/zycie-po-operacji-bariatycznej\/opieka-po-zabiegu-i-zalecenia-pozabiegowe\/#breadcrumb","itemListElement":[{"@type":"ListItem","position":1,"name":"Strona g\u0142\u00f3wna","item":"https:\/\/www.szpitalnaklinach.pl\/klo\/"},{"@type":"ListItem","position":2,"name":"\u017bycie po operacji bariatycznej","item":"https:\/\/www.szpitalnaklinach.pl\/klo\/zycie-po-operacji-bariatycznej\/"},{"@type":"ListItem","position":3,"name":"Opieka po zabiegu i zalecenia pozabiegowe"}]}]}},"_links":{"self":[{"href":"https:\/\/www.szpitalnaklinach.pl\/klo\/wp-json\/wp\/v2\/pages\/463","targetHints":{"allow":["GET"]}}],"collection":[{"href":"https:\/\/www.szpitalnaklinach.pl\/klo\/wp-json\/wp\/v2\/pages"}],"about":[{"href":"https:\/\/www.szpitalnaklinach.pl\/klo\/wp-json\/wp\/v2\/types\/page"}],"author":[{"embeddable":true,"href":"https:\/\/www.szpitalnaklinach.pl\/klo\/wp-json\/wp\/v2\/users\/1"}],"replies":[{"embeddable":true,"href":"https:\/\/www.szpitalnaklinach.pl\/klo\/wp-json\/wp\/v2\/comments?post=463"}],"version-history":[{"count":19,"href":"https:\/\/www.szpitalnaklinach.pl\/klo\/wp-json\/wp\/v2\/pages\/463\/revisions"}],"predecessor-version":[{"id":1045,"href":"https:\/\/www.szpitalnaklinach.pl\/klo\/wp-json\/wp\/v2\/pages\/463\/revisions\/1045"}],"up":[{"embeddable":true,"href":"https:\/\/www.szpitalnaklinach.pl\/klo\/wp-json\/wp\/v2\/pages\/44"}],"wp:attachment":[{"href":"https:\/\/www.szpitalnaklinach.pl\/klo\/wp-json\/wp\/v2\/media?parent=463"}],"curies":[{"name":"wp","href":"https:\/\/api.w.org\/{rel}","templated":true}]}}