{"id":449,"date":"2020-09-25T10:23:34","date_gmt":"2020-09-25T08:23:34","guid":{"rendered":"https:\/\/www.szpitalnaklinach.pl\/klo?page_id=449"},"modified":"2020-10-21T14:25:38","modified_gmt":"2020-10-21T12:25:38","slug":"mozliwe-powiklania-po-zabiegach-bariatrycznych","status":"publish","type":"page","link":"https:\/\/www.szpitalnaklinach.pl\/klo\/chirurgiczne-leczenie-otylosci\/mozliwe-powiklania-po-zabiegach-bariatrycznych\/","title":{"rendered":"Mo\u017cliwe powik\u0142ania po zabiegach bariatrycznych"},"content":{"rendered":"","protected":false},"excerpt":{"rendered":"","protected":false},"author":1,"featured_media":0,"parent":40,"menu_order":0,"comment_status":"closed","ping_status":"closed","template":"","meta":{"footnotes":""},"class_list":["post-449","page","type-page","status-publish","hentry"],"yoast_head":"<!-- This site is optimized with the Yoast SEO plugin v17.2 - https:\/\/yoast.com\/wordpress\/plugins\/seo\/ -->\n<title>Mo\u017cliwe powik\u0142ania po operacji zmniejszania \u017co\u0142\u0105dka.<\/title>\n<meta name=\"description\" content=\"Jak ka\u017cda interwencja chirurgiczna, operacja bariatryczna niesie ryzyko. Jakie s\u0105 mo\u017cliwe powik\u0142ania po operacji zmniejszania \u017co\u0142\u0105dka?\" \/>\n<meta name=\"robots\" content=\"index, follow, max-snippet:-1, max-image-preview:large, max-video-preview:-1\" \/>\n<link rel=\"canonical\" href=\"https:\/\/www.szpitalnaklinach.pl\/klo\/chirurgiczne-leczenie-otylosci\/mozliwe-powiklania-po-zabiegach-bariatrycznych\/\" \/>\n<meta property=\"og:locale\" content=\"pl_PL\" \/>\n<meta property=\"og:type\" content=\"article\" \/>\n<meta property=\"og:title\" content=\"Mo\u017cliwe powik\u0142ania po operacji zmniejszania \u017co\u0142\u0105dka.\" \/>\n<meta property=\"og:description\" content=\"Jak ka\u017cda interwencja chirurgiczna, operacja bariatryczna niesie ryzyko. Jakie s\u0105 mo\u017cliwe powik\u0142ania po operacji zmniejszania \u017co\u0142\u0105dka?\" \/>\n<meta property=\"og:url\" content=\"https:\/\/www.szpitalnaklinach.pl\/klo\/chirurgiczne-leczenie-otylosci\/mozliwe-powiklania-po-zabiegach-bariatrycznych\/\" \/>\n<meta property=\"og:site_name\" content=\"Klinika Leczenia Oty\u0142o\u015bci w Szpitalu na Klinach\" \/>\n<meta property=\"article:modified_time\" content=\"2020-10-21T12:25:38+00:00\" \/>\n<meta name=\"twitter:card\" content=\"summary_large_image\" \/>\n<script type=\"application\/ld+json\" class=\"yoast-schema-graph\">{\"@context\":\"https:\/\/schema.org\",\"@graph\":[{\"@type\":\"WebSite\",\"@id\":\"https:\/\/www.szpitalnaklinach.pl\/klo\/#website\",\"url\":\"https:\/\/www.szpitalnaklinach.pl\/klo\/\",\"name\":\"Klinika Leczenia Oty\\u0142o\\u015bci w Szpitalu na Klinach\",\"description\":\"Klinika Leczenia Oty\\u0142o\\u015bci w Szpitalu na Klinach\",\"potentialAction\":[{\"@type\":\"SearchAction\",\"target\":{\"@type\":\"EntryPoint\",\"urlTemplate\":\"https:\/\/www.szpitalnaklinach.pl\/klo\/?s={search_term_string}\"},\"query-input\":\"required name=search_term_string\"}],\"inLanguage\":\"pl-PL\"},{\"@type\":\"WebPage\",\"@id\":\"https:\/\/www.szpitalnaklinach.pl\/klo\/chirurgiczne-leczenie-otylosci\/mozliwe-powiklania-po-zabiegach-bariatrycznych\/#webpage\",\"url\":\"https:\/\/www.szpitalnaklinach.pl\/klo\/chirurgiczne-leczenie-otylosci\/mozliwe-powiklania-po-zabiegach-bariatrycznych\/\",\"name\":\"Mo\\u017cliwe powik\\u0142ania po operacji zmniejszania \\u017co\\u0142\\u0105dka.\",\"isPartOf\":{\"@id\":\"https:\/\/www.szpitalnaklinach.pl\/klo\/#website\"},\"datePublished\":\"2020-09-25T08:23:34+00:00\",\"dateModified\":\"2020-10-21T12:25:38+00:00\",\"description\":\"Jak ka\\u017cda interwencja chirurgiczna, operacja bariatryczna niesie ryzyko. Jakie s\\u0105 mo\\u017cliwe powik\\u0142ania po operacji zmniejszania \\u017co\\u0142\\u0105dka?\",\"breadcrumb\":{\"@id\":\"https:\/\/www.szpitalnaklinach.pl\/klo\/chirurgiczne-leczenie-otylosci\/mozliwe-powiklania-po-zabiegach-bariatrycznych\/#breadcrumb\"},\"inLanguage\":\"pl-PL\",\"potentialAction\":[{\"@type\":\"ReadAction\",\"target\":[\"https:\/\/www.szpitalnaklinach.pl\/klo\/chirurgiczne-leczenie-otylosci\/mozliwe-powiklania-po-zabiegach-bariatrycznych\/\"]}]},{\"@type\":\"BreadcrumbList\",\"@id\":\"https:\/\/www.szpitalnaklinach.pl\/klo\/chirurgiczne-leczenie-otylosci\/mozliwe-powiklania-po-zabiegach-bariatrycznych\/#breadcrumb\",\"itemListElement\":[{\"@type\":\"ListItem\",\"position\":1,\"name\":\"Strona g\\u0142\\u00f3wna\",\"item\":\"https:\/\/www.szpitalnaklinach.pl\/klo\/\"},{\"@type\":\"ListItem\",\"position\":2,\"name\":\"Chirurgiczne leczenie oty\\u0142o\\u015bci\",\"item\":\"https:\/\/www.szpitalnaklinach.pl\/klo\/chirurgiczne-leczenie-otylosci\/\"},{\"@type\":\"ListItem\",\"position\":3,\"name\":\"Mo\\u017cliwe powik\\u0142ania po zabiegach bariatrycznych\"}]}]}<\/script>\n<!-- \/ Yoast SEO plugin. -->","yoast_head_json":{"title":"Mo\u017cliwe powik\u0142ania po operacji zmniejszania \u017co\u0142\u0105dka.","description":"Jak ka\u017cda interwencja chirurgiczna, operacja bariatryczna niesie ryzyko. Jakie s\u0105 mo\u017cliwe powik\u0142ania po operacji zmniejszania \u017co\u0142\u0105dka?","robots":{"index":"index","follow":"follow","max-snippet":"max-snippet:-1","max-image-preview":"max-image-preview:large","max-video-preview":"max-video-preview:-1"},"canonical":"https:\/\/www.szpitalnaklinach.pl\/klo\/chirurgiczne-leczenie-otylosci\/mozliwe-powiklania-po-zabiegach-bariatrycznych\/","og_locale":"pl_PL","og_type":"article","og_title":"Mo\u017cliwe powik\u0142ania po operacji zmniejszania \u017co\u0142\u0105dka.","og_description":"Jak ka\u017cda interwencja chirurgiczna, operacja bariatryczna niesie ryzyko. Jakie s\u0105 mo\u017cliwe powik\u0142ania po operacji zmniejszania \u017co\u0142\u0105dka?","og_url":"https:\/\/www.szpitalnaklinach.pl\/klo\/chirurgiczne-leczenie-otylosci\/mozliwe-powiklania-po-zabiegach-bariatrycznych\/","og_site_name":"Klinika Leczenia Oty\u0142o\u015bci w Szpitalu na Klinach","article_modified_time":"2020-10-21T12:25:38+00:00","twitter_card":"summary_large_image","schema":{"@context":"https:\/\/schema.org","@graph":[{"@type":"WebSite","@id":"https:\/\/www.szpitalnaklinach.pl\/klo\/#website","url":"https:\/\/www.szpitalnaklinach.pl\/klo\/","name":"Klinika Leczenia Oty\u0142o\u015bci w Szpitalu na Klinach","description":"Klinika Leczenia Oty\u0142o\u015bci w Szpitalu na Klinach","potentialAction":[{"@type":"SearchAction","target":{"@type":"EntryPoint","urlTemplate":"https:\/\/www.szpitalnaklinach.pl\/klo\/?s={search_term_string}"},"query-input":"required name=search_term_string"}],"inLanguage":"pl-PL"},{"@type":"WebPage","@id":"https:\/\/www.szpitalnaklinach.pl\/klo\/chirurgiczne-leczenie-otylosci\/mozliwe-powiklania-po-zabiegach-bariatrycznych\/#webpage","url":"https:\/\/www.szpitalnaklinach.pl\/klo\/chirurgiczne-leczenie-otylosci\/mozliwe-powiklania-po-zabiegach-bariatrycznych\/","name":"Mo\u017cliwe powik\u0142ania po operacji zmniejszania \u017co\u0142\u0105dka.","isPartOf":{"@id":"https:\/\/www.szpitalnaklinach.pl\/klo\/#website"},"datePublished":"2020-09-25T08:23:34+00:00","dateModified":"2020-10-21T12:25:38+00:00","description":"Jak ka\u017cda interwencja chirurgiczna, operacja bariatryczna niesie ryzyko. Jakie s\u0105 mo\u017cliwe powik\u0142ania po operacji zmniejszania \u017co\u0142\u0105dka?","breadcrumb":{"@id":"https:\/\/www.szpitalnaklinach.pl\/klo\/chirurgiczne-leczenie-otylosci\/mozliwe-powiklania-po-zabiegach-bariatrycznych\/#breadcrumb"},"inLanguage":"pl-PL","potentialAction":[{"@type":"ReadAction","target":["https:\/\/www.szpitalnaklinach.pl\/klo\/chirurgiczne-leczenie-otylosci\/mozliwe-powiklania-po-zabiegach-bariatrycznych\/"]}]},{"@type":"BreadcrumbList","@id":"https:\/\/www.szpitalnaklinach.pl\/klo\/chirurgiczne-leczenie-otylosci\/mozliwe-powiklania-po-zabiegach-bariatrycznych\/#breadcrumb","itemListElement":[{"@type":"ListItem","position":1,"name":"Strona g\u0142\u00f3wna","item":"https:\/\/www.szpitalnaklinach.pl\/klo\/"},{"@type":"ListItem","position":2,"name":"Chirurgiczne leczenie oty\u0142o\u015bci","item":"https:\/\/www.szpitalnaklinach.pl\/klo\/chirurgiczne-leczenie-otylosci\/"},{"@type":"ListItem","position":3,"name":"Mo\u017cliwe powik\u0142ania po zabiegach bariatrycznych"}]}]}},"_links":{"self":[{"href":"https:\/\/www.szpitalnaklinach.pl\/klo\/wp-json\/wp\/v2\/pages\/449","targetHints":{"allow":["GET"]}}],"collection":[{"href":"https:\/\/www.szpitalnaklinach.pl\/klo\/wp-json\/wp\/v2\/pages"}],"about":[{"href":"https:\/\/www.szpitalnaklinach.pl\/klo\/wp-json\/wp\/v2\/types\/page"}],"author":[{"embeddable":true,"href":"https:\/\/www.szpitalnaklinach.pl\/klo\/wp-json\/wp\/v2\/users\/1"}],"replies":[{"embeddable":true,"href":"https:\/\/www.szpitalnaklinach.pl\/klo\/wp-json\/wp\/v2\/comments?post=449"}],"version-history":[{"count":7,"href":"https:\/\/www.szpitalnaklinach.pl\/klo\/wp-json\/wp\/v2\/pages\/449\/revisions"}],"predecessor-version":[{"id":696,"href":"https:\/\/www.szpitalnaklinach.pl\/klo\/wp-json\/wp\/v2\/pages\/449\/revisions\/696"}],"up":[{"embeddable":true,"href":"https:\/\/www.szpitalnaklinach.pl\/klo\/wp-json\/wp\/v2\/pages\/40"}],"wp:attachment":[{"href":"https:\/\/www.szpitalnaklinach.pl\/klo\/wp-json\/wp\/v2\/media?parent=449"}],"curies":[{"name":"wp","href":"https:\/\/api.w.org\/{rel}","templated":true}]}}