{"id":443,"date":"2020-09-25T10:16:51","date_gmt":"2020-09-25T08:16:51","guid":{"rendered":"https:\/\/www.szpitalnaklinach.pl\/klo?page_id=443"},"modified":"2020-10-02T15:26:12","modified_gmt":"2020-10-02T13:26:12","slug":"mini-gastric-bypass-mgb","status":"publish","type":"page","link":"https:\/\/www.szpitalnaklinach.pl\/klo\/chirurgiczne-leczenie-otylosci\/zabiegi-bariatryczne\/mini-gastric-bypass-mgb\/","title":{"rendered":"Mini \u2013 Gastric Bypass (MGB)"},"content":{"rendered":"","protected":false},"excerpt":{"rendered":"","protected":false},"author":1,"featured_media":0,"parent":398,"menu_order":0,"comment_status":"closed","ping_status":"closed","template":"","meta":{"footnotes":""},"class_list":["post-443","page","type-page","status-publish","hentry"],"yoast_head":"<!-- This site is optimized with the Yoast SEO plugin v17.2 - https:\/\/yoast.com\/wordpress\/plugins\/seo\/ -->\n<title>Mini \u2013 Gastric Bypass (MGB) - Klinika Leczenia Oty\u0142o\u015bci w Szpitalu na Klinach<\/title>\n<meta name=\"robots\" content=\"index, follow, max-snippet:-1, max-image-preview:large, max-video-preview:-1\" \/>\n<link rel=\"canonical\" href=\"https:\/\/www.szpitalnaklinach.pl\/klo\/chirurgiczne-leczenie-otylosci\/zabiegi-bariatryczne\/mini-gastric-bypass-mgb\/\" \/>\n<meta property=\"og:locale\" content=\"pl_PL\" \/>\n<meta property=\"og:type\" content=\"article\" \/>\n<meta property=\"og:title\" content=\"Mini \u2013 Gastric Bypass (MGB) - Klinika Leczenia Oty\u0142o\u015bci w Szpitalu na Klinach\" \/>\n<meta property=\"og:url\" content=\"https:\/\/www.szpitalnaklinach.pl\/klo\/chirurgiczne-leczenie-otylosci\/zabiegi-bariatryczne\/mini-gastric-bypass-mgb\/\" \/>\n<meta property=\"og:site_name\" content=\"Klinika Leczenia Oty\u0142o\u015bci w Szpitalu na Klinach\" \/>\n<meta property=\"article:modified_time\" content=\"2020-10-02T13:26:12+00:00\" \/>\n<meta name=\"twitter:card\" content=\"summary_large_image\" \/>\n<script type=\"application\/ld+json\" class=\"yoast-schema-graph\">{\"@context\":\"https:\/\/schema.org\",\"@graph\":[{\"@type\":\"WebSite\",\"@id\":\"https:\/\/www.szpitalnaklinach.pl\/klo\/#website\",\"url\":\"https:\/\/www.szpitalnaklinach.pl\/klo\/\",\"name\":\"Klinika Leczenia Oty\\u0142o\\u015bci w Szpitalu na Klinach\",\"description\":\"Klinika Leczenia Oty\\u0142o\\u015bci w Szpitalu na Klinach\",\"potentialAction\":[{\"@type\":\"SearchAction\",\"target\":{\"@type\":\"EntryPoint\",\"urlTemplate\":\"https:\/\/www.szpitalnaklinach.pl\/klo\/?s={search_term_string}\"},\"query-input\":\"required name=search_term_string\"}],\"inLanguage\":\"pl-PL\"},{\"@type\":\"WebPage\",\"@id\":\"https:\/\/www.szpitalnaklinach.pl\/klo\/chirurgiczne-leczenie-otylosci\/zabiegi-bariatryczne\/mini-gastric-bypass-mgb\/#webpage\",\"url\":\"https:\/\/www.szpitalnaklinach.pl\/klo\/chirurgiczne-leczenie-otylosci\/zabiegi-bariatryczne\/mini-gastric-bypass-mgb\/\",\"name\":\"Mini \\u2013 Gastric Bypass (MGB) - Klinika Leczenia Oty\\u0142o\\u015bci w Szpitalu na Klinach\",\"isPartOf\":{\"@id\":\"https:\/\/www.szpitalnaklinach.pl\/klo\/#website\"},\"datePublished\":\"2020-09-25T08:16:51+00:00\",\"dateModified\":\"2020-10-02T13:26:12+00:00\",\"breadcrumb\":{\"@id\":\"https:\/\/www.szpitalnaklinach.pl\/klo\/chirurgiczne-leczenie-otylosci\/zabiegi-bariatryczne\/mini-gastric-bypass-mgb\/#breadcrumb\"},\"inLanguage\":\"pl-PL\",\"potentialAction\":[{\"@type\":\"ReadAction\",\"target\":[\"https:\/\/www.szpitalnaklinach.pl\/klo\/chirurgiczne-leczenie-otylosci\/zabiegi-bariatryczne\/mini-gastric-bypass-mgb\/\"]}]},{\"@type\":\"BreadcrumbList\",\"@id\":\"https:\/\/www.szpitalnaklinach.pl\/klo\/chirurgiczne-leczenie-otylosci\/zabiegi-bariatryczne\/mini-gastric-bypass-mgb\/#breadcrumb\",\"itemListElement\":[{\"@type\":\"ListItem\",\"position\":1,\"name\":\"Strona g\\u0142\\u00f3wna\",\"item\":\"https:\/\/www.szpitalnaklinach.pl\/klo\/\"},{\"@type\":\"ListItem\",\"position\":2,\"name\":\"Chirurgiczne leczenie oty\\u0142o\\u015bci\",\"item\":\"https:\/\/www.szpitalnaklinach.pl\/klo\/chirurgiczne-leczenie-otylosci\/\"},{\"@type\":\"ListItem\",\"position\":3,\"name\":\"Metody wykonywania zabieg\\u00f3w bariatrycznych\",\"item\":\"https:\/\/www.szpitalnaklinach.pl\/klo\/chirurgiczne-leczenie-otylosci\/zabiegi-bariatryczne\/\"},{\"@type\":\"ListItem\",\"position\":4,\"name\":\"Mini \\u2013 Gastric Bypass (MGB)\"}]}]}<\/script>\n<!-- \/ Yoast SEO plugin. -->","yoast_head_json":{"title":"Mini \u2013 Gastric Bypass (MGB) - Klinika Leczenia Oty\u0142o\u015bci w Szpitalu na Klinach","robots":{"index":"index","follow":"follow","max-snippet":"max-snippet:-1","max-image-preview":"max-image-preview:large","max-video-preview":"max-video-preview:-1"},"canonical":"https:\/\/www.szpitalnaklinach.pl\/klo\/chirurgiczne-leczenie-otylosci\/zabiegi-bariatryczne\/mini-gastric-bypass-mgb\/","og_locale":"pl_PL","og_type":"article","og_title":"Mini \u2013 Gastric Bypass (MGB) - Klinika Leczenia Oty\u0142o\u015bci w Szpitalu na Klinach","og_url":"https:\/\/www.szpitalnaklinach.pl\/klo\/chirurgiczne-leczenie-otylosci\/zabiegi-bariatryczne\/mini-gastric-bypass-mgb\/","og_site_name":"Klinika Leczenia Oty\u0142o\u015bci w Szpitalu na Klinach","article_modified_time":"2020-10-02T13:26:12+00:00","twitter_card":"summary_large_image","schema":{"@context":"https:\/\/schema.org","@graph":[{"@type":"WebSite","@id":"https:\/\/www.szpitalnaklinach.pl\/klo\/#website","url":"https:\/\/www.szpitalnaklinach.pl\/klo\/","name":"Klinika Leczenia Oty\u0142o\u015bci w Szpitalu na Klinach","description":"Klinika Leczenia Oty\u0142o\u015bci w Szpitalu na Klinach","potentialAction":[{"@type":"SearchAction","target":{"@type":"EntryPoint","urlTemplate":"https:\/\/www.szpitalnaklinach.pl\/klo\/?s={search_term_string}"},"query-input":"required name=search_term_string"}],"inLanguage":"pl-PL"},{"@type":"WebPage","@id":"https:\/\/www.szpitalnaklinach.pl\/klo\/chirurgiczne-leczenie-otylosci\/zabiegi-bariatryczne\/mini-gastric-bypass-mgb\/#webpage","url":"https:\/\/www.szpitalnaklinach.pl\/klo\/chirurgiczne-leczenie-otylosci\/zabiegi-bariatryczne\/mini-gastric-bypass-mgb\/","name":"Mini \u2013 Gastric Bypass (MGB) - Klinika Leczenia Oty\u0142o\u015bci w Szpitalu na Klinach","isPartOf":{"@id":"https:\/\/www.szpitalnaklinach.pl\/klo\/#website"},"datePublished":"2020-09-25T08:16:51+00:00","dateModified":"2020-10-02T13:26:12+00:00","breadcrumb":{"@id":"https:\/\/www.szpitalnaklinach.pl\/klo\/chirurgiczne-leczenie-otylosci\/zabiegi-bariatryczne\/mini-gastric-bypass-mgb\/#breadcrumb"},"inLanguage":"pl-PL","potentialAction":[{"@type":"ReadAction","target":["https:\/\/www.szpitalnaklinach.pl\/klo\/chirurgiczne-leczenie-otylosci\/zabiegi-bariatryczne\/mini-gastric-bypass-mgb\/"]}]},{"@type":"BreadcrumbList","@id":"https:\/\/www.szpitalnaklinach.pl\/klo\/chirurgiczne-leczenie-otylosci\/zabiegi-bariatryczne\/mini-gastric-bypass-mgb\/#breadcrumb","itemListElement":[{"@type":"ListItem","position":1,"name":"Strona g\u0142\u00f3wna","item":"https:\/\/www.szpitalnaklinach.pl\/klo\/"},{"@type":"ListItem","position":2,"name":"Chirurgiczne leczenie oty\u0142o\u015bci","item":"https:\/\/www.szpitalnaklinach.pl\/klo\/chirurgiczne-leczenie-otylosci\/"},{"@type":"ListItem","position":3,"name":"Metody wykonywania zabieg\u00f3w bariatrycznych","item":"https:\/\/www.szpitalnaklinach.pl\/klo\/chirurgiczne-leczenie-otylosci\/zabiegi-bariatryczne\/"},{"@type":"ListItem","position":4,"name":"Mini \u2013 Gastric Bypass (MGB)"}]}]}},"_links":{"self":[{"href":"https:\/\/www.szpitalnaklinach.pl\/klo\/wp-json\/wp\/v2\/pages\/443","targetHints":{"allow":["GET"]}}],"collection":[{"href":"https:\/\/www.szpitalnaklinach.pl\/klo\/wp-json\/wp\/v2\/pages"}],"about":[{"href":"https:\/\/www.szpitalnaklinach.pl\/klo\/wp-json\/wp\/v2\/types\/page"}],"author":[{"embeddable":true,"href":"https:\/\/www.szpitalnaklinach.pl\/klo\/wp-json\/wp\/v2\/users\/1"}],"replies":[{"embeddable":true,"href":"https:\/\/www.szpitalnaklinach.pl\/klo\/wp-json\/wp\/v2\/comments?post=443"}],"version-history":[{"count":4,"href":"https:\/\/www.szpitalnaklinach.pl\/klo\/wp-json\/wp\/v2\/pages\/443\/revisions"}],"predecessor-version":[{"id":660,"href":"https:\/\/www.szpitalnaklinach.pl\/klo\/wp-json\/wp\/v2\/pages\/443\/revisions\/660"}],"up":[{"embeddable":true,"href":"https:\/\/www.szpitalnaklinach.pl\/klo\/wp-json\/wp\/v2\/pages\/398"}],"wp:attachment":[{"href":"https:\/\/www.szpitalnaklinach.pl\/klo\/wp-json\/wp\/v2\/media?parent=443"}],"curies":[{"name":"wp","href":"https:\/\/api.w.org\/{rel}","templated":true}]}}