{"id":203,"date":"2020-09-11T18:17:37","date_gmt":"2020-09-11T16:17:37","guid":{"rendered":"https:\/\/www.szpitalnaklinach.pl\/klo?page_id=203"},"modified":"2020-09-11T20:09:42","modified_gmt":"2020-09-11T18:09:42","slug":"kalkulator-bmi","status":"publish","type":"page","link":"https:\/\/www.szpitalnaklinach.pl\/klo\/kalkulator-bmi\/","title":{"rendered":"Kalkulator BMI"},"content":{"rendered":"<p>Je\u017celi chcesz sprawdzi\u0107 sw\u00f3j wynik przy pomocy naszego <strong>kalkulatora BMI<\/strong>, wystarczy, \u017ce uzupe\u0142nisz odpowiednie pola podaj\u0105c sw\u00f3j wzrost i wag\u0119, a kalkulator szybko policzy wynik za Ciebie. Korzystaj\u0105c z kalkulatora nie ryzykujesz b\u0142\u0119du w obliczeniach, a w przeci\u0105g  kilku sekund otrzymujesz informacj\u0119, czy stosunek masy Twojego cia\u0142a do wzrostu jest prawid\u0142owy. Warto pami\u0119ta\u0107, \u017ce kalkulator pokazuje  jedynie <strong>BMI doros\u0142ych<\/strong>.<\/p>\n","protected":false},"excerpt":{"rendered":"<p>Je\u017celi chcesz sprawdzi\u0107 sw\u00f3j wynik przy pomocy naszego kalkulatora BMI, wystarczy, \u017ce uzupe\u0142nisz odpowiednie pola podaj\u0105c sw\u00f3j wzrost i wag\u0119, a kalkulator szybko policzy wynik za Ciebie. Korzystaj\u0105c z kalkulatora nie ryzykujesz b\u0142\u0119du w obliczeniach, a w przeci\u0105g kilku sekund otrzymujesz informacj\u0119, czy stosunek masy Twojego cia\u0142a do wzrostu jest prawid\u0142owy. Warto pami\u0119ta\u0107, \u017ce kalkulator [&hellip;]<\/p>\n","protected":false},"author":1,"featured_media":0,"parent":0,"menu_order":0,"comment_status":"closed","ping_status":"closed","template":"calculator-page.php","meta":{"footnotes":""},"class_list":["post-203","page","type-page","status-publish","hentry"],"yoast_head":"<!-- This site is optimized with the Yoast SEO plugin v17.2 - https:\/\/yoast.com\/wordpress\/plugins\/seo\/ -->\n<title>Kalkulator BMI - Klinika Leczenia Oty\u0142o\u015bci w Szpitalu na Klinach<\/title>\n<meta name=\"robots\" content=\"index, follow, max-snippet:-1, max-image-preview:large, max-video-preview:-1\" \/>\n<link rel=\"canonical\" href=\"https:\/\/www.szpitalnaklinach.pl\/klo\/kalkulator-bmi\/\" \/>\n<meta property=\"og:locale\" content=\"pl_PL\" \/>\n<meta property=\"og:type\" content=\"article\" \/>\n<meta property=\"og:title\" content=\"Kalkulator BMI - Klinika Leczenia Oty\u0142o\u015bci w Szpitalu na Klinach\" \/>\n<meta property=\"og:description\" content=\"Je\u017celi chcesz sprawdzi\u0107 sw\u00f3j wynik przy pomocy naszego kalkulatora BMI, wystarczy, \u017ce uzupe\u0142nisz odpowiednie pola podaj\u0105c sw\u00f3j wzrost i wag\u0119, a kalkulator szybko policzy wynik za Ciebie. Korzystaj\u0105c z kalkulatora nie ryzykujesz b\u0142\u0119du w obliczeniach, a w przeci\u0105g kilku sekund otrzymujesz informacj\u0119, czy stosunek masy Twojego cia\u0142a do wzrostu jest prawid\u0142owy. Warto pami\u0119ta\u0107, \u017ce kalkulator [&hellip;]\" \/>\n<meta property=\"og:url\" content=\"https:\/\/www.szpitalnaklinach.pl\/klo\/kalkulator-bmi\/\" \/>\n<meta property=\"og:site_name\" content=\"Klinika Leczenia Oty\u0142o\u015bci w Szpitalu na Klinach\" \/>\n<meta property=\"article:modified_time\" content=\"2020-09-11T18:09:42+00:00\" \/>\n<meta name=\"twitter:card\" content=\"summary_large_image\" \/>\n<script type=\"application\/ld+json\" class=\"yoast-schema-graph\">{\"@context\":\"https:\/\/schema.org\",\"@graph\":[{\"@type\":\"WebSite\",\"@id\":\"https:\/\/www.szpitalnaklinach.pl\/klo\/#website\",\"url\":\"https:\/\/www.szpitalnaklinach.pl\/klo\/\",\"name\":\"Klinika Leczenia Oty\\u0142o\\u015bci w Szpitalu na Klinach\",\"description\":\"Klinika Leczenia Oty\\u0142o\\u015bci w Szpitalu na Klinach\",\"potentialAction\":[{\"@type\":\"SearchAction\",\"target\":{\"@type\":\"EntryPoint\",\"urlTemplate\":\"https:\/\/www.szpitalnaklinach.pl\/klo\/?s={search_term_string}\"},\"query-input\":\"required name=search_term_string\"}],\"inLanguage\":\"pl-PL\"},{\"@type\":\"WebPage\",\"@id\":\"https:\/\/www.szpitalnaklinach.pl\/klo\/kalkulator-bmi\/#webpage\",\"url\":\"https:\/\/www.szpitalnaklinach.pl\/klo\/kalkulator-bmi\/\",\"name\":\"Kalkulator BMI - Klinika Leczenia Oty\\u0142o\\u015bci w Szpitalu na Klinach\",\"isPartOf\":{\"@id\":\"https:\/\/www.szpitalnaklinach.pl\/klo\/#website\"},\"datePublished\":\"2020-09-11T16:17:37+00:00\",\"dateModified\":\"2020-09-11T18:09:42+00:00\",\"breadcrumb\":{\"@id\":\"https:\/\/www.szpitalnaklinach.pl\/klo\/kalkulator-bmi\/#breadcrumb\"},\"inLanguage\":\"pl-PL\",\"potentialAction\":[{\"@type\":\"ReadAction\",\"target\":[\"https:\/\/www.szpitalnaklinach.pl\/klo\/kalkulator-bmi\/\"]}]},{\"@type\":\"BreadcrumbList\",\"@id\":\"https:\/\/www.szpitalnaklinach.pl\/klo\/kalkulator-bmi\/#breadcrumb\",\"itemListElement\":[{\"@type\":\"ListItem\",\"position\":1,\"name\":\"Strona g\\u0142\\u00f3wna\",\"item\":\"https:\/\/www.szpitalnaklinach.pl\/klo\/\"},{\"@type\":\"ListItem\",\"position\":2,\"name\":\"Kalkulator BMI\"}]}]}<\/script>\n<!-- \/ Yoast SEO plugin. -->","yoast_head_json":{"title":"Kalkulator BMI - Klinika Leczenia Oty\u0142o\u015bci w Szpitalu na Klinach","robots":{"index":"index","follow":"follow","max-snippet":"max-snippet:-1","max-image-preview":"max-image-preview:large","max-video-preview":"max-video-preview:-1"},"canonical":"https:\/\/www.szpitalnaklinach.pl\/klo\/kalkulator-bmi\/","og_locale":"pl_PL","og_type":"article","og_title":"Kalkulator BMI - Klinika Leczenia Oty\u0142o\u015bci w Szpitalu na Klinach","og_description":"Je\u017celi chcesz sprawdzi\u0107 sw\u00f3j wynik przy pomocy naszego kalkulatora BMI, wystarczy, \u017ce uzupe\u0142nisz odpowiednie pola podaj\u0105c sw\u00f3j wzrost i wag\u0119, a kalkulator szybko policzy wynik za Ciebie. Korzystaj\u0105c z kalkulatora nie ryzykujesz b\u0142\u0119du w obliczeniach, a w przeci\u0105g kilku sekund otrzymujesz informacj\u0119, czy stosunek masy Twojego cia\u0142a do wzrostu jest prawid\u0142owy. Warto pami\u0119ta\u0107, \u017ce kalkulator [&hellip;]","og_url":"https:\/\/www.szpitalnaklinach.pl\/klo\/kalkulator-bmi\/","og_site_name":"Klinika Leczenia Oty\u0142o\u015bci w Szpitalu na Klinach","article_modified_time":"2020-09-11T18:09:42+00:00","twitter_card":"summary_large_image","schema":{"@context":"https:\/\/schema.org","@graph":[{"@type":"WebSite","@id":"https:\/\/www.szpitalnaklinach.pl\/klo\/#website","url":"https:\/\/www.szpitalnaklinach.pl\/klo\/","name":"Klinika Leczenia Oty\u0142o\u015bci w Szpitalu na Klinach","description":"Klinika Leczenia Oty\u0142o\u015bci w Szpitalu na Klinach","potentialAction":[{"@type":"SearchAction","target":{"@type":"EntryPoint","urlTemplate":"https:\/\/www.szpitalnaklinach.pl\/klo\/?s={search_term_string}"},"query-input":"required name=search_term_string"}],"inLanguage":"pl-PL"},{"@type":"WebPage","@id":"https:\/\/www.szpitalnaklinach.pl\/klo\/kalkulator-bmi\/#webpage","url":"https:\/\/www.szpitalnaklinach.pl\/klo\/kalkulator-bmi\/","name":"Kalkulator BMI - Klinika Leczenia Oty\u0142o\u015bci w Szpitalu na Klinach","isPartOf":{"@id":"https:\/\/www.szpitalnaklinach.pl\/klo\/#website"},"datePublished":"2020-09-11T16:17:37+00:00","dateModified":"2020-09-11T18:09:42+00:00","breadcrumb":{"@id":"https:\/\/www.szpitalnaklinach.pl\/klo\/kalkulator-bmi\/#breadcrumb"},"inLanguage":"pl-PL","potentialAction":[{"@type":"ReadAction","target":["https:\/\/www.szpitalnaklinach.pl\/klo\/kalkulator-bmi\/"]}]},{"@type":"BreadcrumbList","@id":"https:\/\/www.szpitalnaklinach.pl\/klo\/kalkulator-bmi\/#breadcrumb","itemListElement":[{"@type":"ListItem","position":1,"name":"Strona g\u0142\u00f3wna","item":"https:\/\/www.szpitalnaklinach.pl\/klo\/"},{"@type":"ListItem","position":2,"name":"Kalkulator BMI"}]}]}},"_links":{"self":[{"href":"https:\/\/www.szpitalnaklinach.pl\/klo\/wp-json\/wp\/v2\/pages\/203","targetHints":{"allow":["GET"]}}],"collection":[{"href":"https:\/\/www.szpitalnaklinach.pl\/klo\/wp-json\/wp\/v2\/pages"}],"about":[{"href":"https:\/\/www.szpitalnaklinach.pl\/klo\/wp-json\/wp\/v2\/types\/page"}],"author":[{"embeddable":true,"href":"https:\/\/www.szpitalnaklinach.pl\/klo\/wp-json\/wp\/v2\/users\/1"}],"replies":[{"embeddable":true,"href":"https:\/\/www.szpitalnaklinach.pl\/klo\/wp-json\/wp\/v2\/comments?post=203"}],"version-history":[{"count":8,"href":"https:\/\/www.szpitalnaklinach.pl\/klo\/wp-json\/wp\/v2\/pages\/203\/revisions"}],"predecessor-version":[{"id":205,"href":"https:\/\/www.szpitalnaklinach.pl\/klo\/wp-json\/wp\/v2\/pages\/203\/revisions\/205"}],"wp:attachment":[{"href":"https:\/\/www.szpitalnaklinach.pl\/klo\/wp-json\/wp\/v2\/media?parent=203"}],"curies":[{"name":"wp","href":"https:\/\/api.w.org\/{rel}","templated":true}]}}