{"id":177,"date":"2020-09-11T18:11:29","date_gmt":"2020-09-11T16:11:29","guid":{"rendered":"https:\/\/www.szpitalnaklinach.pl\/klo?page_id=177"},"modified":"2020-10-21T13:48:13","modified_gmt":"2020-10-21T11:48:13","slug":"rodzaje-otylosci","status":"publish","type":"page","link":"https:\/\/www.szpitalnaklinach.pl\/klo\/otylosc\/rodzaje-otylosci\/","title":{"rendered":"Rodzaje oty\u0142o\u015bci"},"content":{"rendered":"","protected":false},"excerpt":{"rendered":"","protected":false},"author":1,"featured_media":0,"parent":38,"menu_order":0,"comment_status":"closed","ping_status":"closed","template":"","meta":{"footnotes":""},"class_list":["post-177","page","type-page","status-publish","hentry"],"yoast_head":"<!-- This site is optimized with the Yoast SEO plugin v17.2 - https:\/\/yoast.com\/wordpress\/plugins\/seo\/ -->\n<title>Rodzaje oty\u0142o\u015bci - Klinika Leczenia Oty\u0142o\u015bci w Szpitalu na Klinach<\/title>\n<meta name=\"robots\" content=\"index, follow, max-snippet:-1, max-image-preview:large, max-video-preview:-1\" \/>\n<link rel=\"canonical\" href=\"https:\/\/www.szpitalnaklinach.pl\/klo\/otylosc\/rodzaje-otylosci\/\" \/>\n<meta property=\"og:locale\" content=\"pl_PL\" \/>\n<meta property=\"og:type\" content=\"article\" \/>\n<meta property=\"og:title\" content=\"Rodzaje oty\u0142o\u015bci - Klinika Leczenia Oty\u0142o\u015bci w Szpitalu na Klinach\" \/>\n<meta property=\"og:url\" content=\"https:\/\/www.szpitalnaklinach.pl\/klo\/otylosc\/rodzaje-otylosci\/\" \/>\n<meta property=\"og:site_name\" content=\"Klinika Leczenia Oty\u0142o\u015bci w Szpitalu na Klinach\" \/>\n<meta property=\"article:modified_time\" content=\"2020-10-21T11:48:13+00:00\" \/>\n<meta name=\"twitter:card\" content=\"summary_large_image\" \/>\n<script type=\"application\/ld+json\" class=\"yoast-schema-graph\">{\"@context\":\"https:\/\/schema.org\",\"@graph\":[{\"@type\":\"WebSite\",\"@id\":\"https:\/\/www.szpitalnaklinach.pl\/klo\/#website\",\"url\":\"https:\/\/www.szpitalnaklinach.pl\/klo\/\",\"name\":\"Klinika Leczenia Oty\\u0142o\\u015bci w Szpitalu na Klinach\",\"description\":\"Klinika Leczenia Oty\\u0142o\\u015bci w Szpitalu na Klinach\",\"potentialAction\":[{\"@type\":\"SearchAction\",\"target\":{\"@type\":\"EntryPoint\",\"urlTemplate\":\"https:\/\/www.szpitalnaklinach.pl\/klo\/?s={search_term_string}\"},\"query-input\":\"required name=search_term_string\"}],\"inLanguage\":\"pl-PL\"},{\"@type\":\"WebPage\",\"@id\":\"https:\/\/www.szpitalnaklinach.pl\/klo\/otylosc\/rodzaje-otylosci\/#webpage\",\"url\":\"https:\/\/www.szpitalnaklinach.pl\/klo\/otylosc\/rodzaje-otylosci\/\",\"name\":\"Rodzaje oty\\u0142o\\u015bci - Klinika Leczenia Oty\\u0142o\\u015bci w Szpitalu na Klinach\",\"isPartOf\":{\"@id\":\"https:\/\/www.szpitalnaklinach.pl\/klo\/#website\"},\"datePublished\":\"2020-09-11T16:11:29+00:00\",\"dateModified\":\"2020-10-21T11:48:13+00:00\",\"breadcrumb\":{\"@id\":\"https:\/\/www.szpitalnaklinach.pl\/klo\/otylosc\/rodzaje-otylosci\/#breadcrumb\"},\"inLanguage\":\"pl-PL\",\"potentialAction\":[{\"@type\":\"ReadAction\",\"target\":[\"https:\/\/www.szpitalnaklinach.pl\/klo\/otylosc\/rodzaje-otylosci\/\"]}]},{\"@type\":\"BreadcrumbList\",\"@id\":\"https:\/\/www.szpitalnaklinach.pl\/klo\/otylosc\/rodzaje-otylosci\/#breadcrumb\",\"itemListElement\":[{\"@type\":\"ListItem\",\"position\":1,\"name\":\"Strona g\\u0142\\u00f3wna\",\"item\":\"https:\/\/www.szpitalnaklinach.pl\/klo\/\"},{\"@type\":\"ListItem\",\"position\":2,\"name\":\"Oty\\u0142o\\u015b\\u0107\",\"item\":\"https:\/\/www.szpitalnaklinach.pl\/klo\/otylosc\/\"},{\"@type\":\"ListItem\",\"position\":3,\"name\":\"Rodzaje oty\\u0142o\\u015bci\"}]}]}<\/script>\n<!-- \/ Yoast SEO plugin. -->","yoast_head_json":{"title":"Rodzaje oty\u0142o\u015bci - Klinika Leczenia Oty\u0142o\u015bci w Szpitalu na Klinach","robots":{"index":"index","follow":"follow","max-snippet":"max-snippet:-1","max-image-preview":"max-image-preview:large","max-video-preview":"max-video-preview:-1"},"canonical":"https:\/\/www.szpitalnaklinach.pl\/klo\/otylosc\/rodzaje-otylosci\/","og_locale":"pl_PL","og_type":"article","og_title":"Rodzaje oty\u0142o\u015bci - Klinika Leczenia Oty\u0142o\u015bci w Szpitalu na Klinach","og_url":"https:\/\/www.szpitalnaklinach.pl\/klo\/otylosc\/rodzaje-otylosci\/","og_site_name":"Klinika Leczenia Oty\u0142o\u015bci w Szpitalu na Klinach","article_modified_time":"2020-10-21T11:48:13+00:00","twitter_card":"summary_large_image","schema":{"@context":"https:\/\/schema.org","@graph":[{"@type":"WebSite","@id":"https:\/\/www.szpitalnaklinach.pl\/klo\/#website","url":"https:\/\/www.szpitalnaklinach.pl\/klo\/","name":"Klinika Leczenia Oty\u0142o\u015bci w Szpitalu na Klinach","description":"Klinika Leczenia Oty\u0142o\u015bci w Szpitalu na Klinach","potentialAction":[{"@type":"SearchAction","target":{"@type":"EntryPoint","urlTemplate":"https:\/\/www.szpitalnaklinach.pl\/klo\/?s={search_term_string}"},"query-input":"required name=search_term_string"}],"inLanguage":"pl-PL"},{"@type":"WebPage","@id":"https:\/\/www.szpitalnaklinach.pl\/klo\/otylosc\/rodzaje-otylosci\/#webpage","url":"https:\/\/www.szpitalnaklinach.pl\/klo\/otylosc\/rodzaje-otylosci\/","name":"Rodzaje oty\u0142o\u015bci - Klinika Leczenia Oty\u0142o\u015bci w Szpitalu na Klinach","isPartOf":{"@id":"https:\/\/www.szpitalnaklinach.pl\/klo\/#website"},"datePublished":"2020-09-11T16:11:29+00:00","dateModified":"2020-10-21T11:48:13+00:00","breadcrumb":{"@id":"https:\/\/www.szpitalnaklinach.pl\/klo\/otylosc\/rodzaje-otylosci\/#breadcrumb"},"inLanguage":"pl-PL","potentialAction":[{"@type":"ReadAction","target":["https:\/\/www.szpitalnaklinach.pl\/klo\/otylosc\/rodzaje-otylosci\/"]}]},{"@type":"BreadcrumbList","@id":"https:\/\/www.szpitalnaklinach.pl\/klo\/otylosc\/rodzaje-otylosci\/#breadcrumb","itemListElement":[{"@type":"ListItem","position":1,"name":"Strona g\u0142\u00f3wna","item":"https:\/\/www.szpitalnaklinach.pl\/klo\/"},{"@type":"ListItem","position":2,"name":"Oty\u0142o\u015b\u0107","item":"https:\/\/www.szpitalnaklinach.pl\/klo\/otylosc\/"},{"@type":"ListItem","position":3,"name":"Rodzaje oty\u0142o\u015bci"}]}]}},"_links":{"self":[{"href":"https:\/\/www.szpitalnaklinach.pl\/klo\/wp-json\/wp\/v2\/pages\/177","targetHints":{"allow":["GET"]}}],"collection":[{"href":"https:\/\/www.szpitalnaklinach.pl\/klo\/wp-json\/wp\/v2\/pages"}],"about":[{"href":"https:\/\/www.szpitalnaklinach.pl\/klo\/wp-json\/wp\/v2\/types\/page"}],"author":[{"embeddable":true,"href":"https:\/\/www.szpitalnaklinach.pl\/klo\/wp-json\/wp\/v2\/users\/1"}],"replies":[{"embeddable":true,"href":"https:\/\/www.szpitalnaklinach.pl\/klo\/wp-json\/wp\/v2\/comments?post=177"}],"version-history":[{"count":7,"href":"https:\/\/www.szpitalnaklinach.pl\/klo\/wp-json\/wp\/v2\/pages\/177\/revisions"}],"predecessor-version":[{"id":698,"href":"https:\/\/www.szpitalnaklinach.pl\/klo\/wp-json\/wp\/v2\/pages\/177\/revisions\/698"}],"up":[{"embeddable":true,"href":"https:\/\/www.szpitalnaklinach.pl\/klo\/wp-json\/wp\/v2\/pages\/38"}],"wp:attachment":[{"href":"https:\/\/www.szpitalnaklinach.pl\/klo\/wp-json\/wp\/v2\/media?parent=177"}],"curies":[{"name":"wp","href":"https:\/\/api.w.org\/{rel}","templated":true}]}}