{"id":162,"date":"2020-09-11T18:08:29","date_gmt":"2020-09-11T16:08:29","guid":{"rendered":"https:\/\/www.szpitalnaklinach.pl\/klo?page_id=162"},"modified":"2020-10-21T14:16:48","modified_gmt":"2020-10-21T12:16:48","slug":"balon-zoladkowy","status":"publish","type":"page","link":"https:\/\/www.szpitalnaklinach.pl\/klo\/chirurgiczne-leczenie-otylosci\/zabiegi-bariatryczne\/balon-zoladkowy\/","title":{"rendered":"Balon \u017co\u0142\u0105dkowy"},"content":{"rendered":"","protected":false},"excerpt":{"rendered":"","protected":false},"author":1,"featured_media":0,"parent":398,"menu_order":0,"comment_status":"closed","ping_status":"closed","template":"","meta":{"footnotes":""},"class_list":["post-162","page","type-page","status-publish","hentry"],"yoast_head":"<!-- This site is optimized with the Yoast SEO plugin v17.2 - https:\/\/yoast.com\/wordpress\/plugins\/seo\/ -->\n<title>Balon \u017co\u0142\u0105dkowy - zak\u0142adanie, korzy\u015bci, wady, dla kogo, powik\u0142ania<\/title>\n<meta name=\"description\" content=\"Balon \u017co\u0142\u0105dkowy jest wype\u0142niony p\u0142ynem, co zmniejsza maksymaln\u0105 obj\u0119to\u015b\u0107 \u017co\u0142\u0105dka i uniemo\u017cliwia spo\u017cywanie du\u017cych ilo\u015bci pokarmu \ud83d\udc49Wi\u0119cej\ud83d\udc48\" \/>\n<meta name=\"robots\" content=\"index, follow, max-snippet:-1, max-image-preview:large, max-video-preview:-1\" \/>\n<link rel=\"canonical\" href=\"https:\/\/www.szpitalnaklinach.pl\/klo\/chirurgiczne-leczenie-otylosci\/zabiegi-bariatryczne\/balon-zoladkowy\/\" \/>\n<meta property=\"og:locale\" content=\"pl_PL\" \/>\n<meta property=\"og:type\" content=\"article\" \/>\n<meta property=\"og:title\" content=\"Balon \u017co\u0142\u0105dkowy - zak\u0142adanie, korzy\u015bci, wady, dla kogo, powik\u0142ania\" \/>\n<meta property=\"og:description\" content=\"Balon \u017co\u0142\u0105dkowy jest wype\u0142niony p\u0142ynem, co zmniejsza maksymaln\u0105 obj\u0119to\u015b\u0107 \u017co\u0142\u0105dka i uniemo\u017cliwia spo\u017cywanie du\u017cych ilo\u015bci pokarmu \ud83d\udc49Wi\u0119cej\ud83d\udc48\" \/>\n<meta property=\"og:url\" content=\"https:\/\/www.szpitalnaklinach.pl\/klo\/chirurgiczne-leczenie-otylosci\/zabiegi-bariatryczne\/balon-zoladkowy\/\" \/>\n<meta property=\"og:site_name\" content=\"Klinika Leczenia Oty\u0142o\u015bci w Szpitalu na Klinach\" \/>\n<meta property=\"article:modified_time\" content=\"2020-10-21T12:16:48+00:00\" \/>\n<meta name=\"twitter:card\" content=\"summary_large_image\" \/>\n<script type=\"application\/ld+json\" class=\"yoast-schema-graph\">{\"@context\":\"https:\/\/schema.org\",\"@graph\":[{\"@type\":\"WebSite\",\"@id\":\"https:\/\/www.szpitalnaklinach.pl\/klo\/#website\",\"url\":\"https:\/\/www.szpitalnaklinach.pl\/klo\/\",\"name\":\"Klinika Leczenia Oty\\u0142o\\u015bci w Szpitalu na Klinach\",\"description\":\"Klinika Leczenia Oty\\u0142o\\u015bci w Szpitalu na Klinach\",\"potentialAction\":[{\"@type\":\"SearchAction\",\"target\":{\"@type\":\"EntryPoint\",\"urlTemplate\":\"https:\/\/www.szpitalnaklinach.pl\/klo\/?s={search_term_string}\"},\"query-input\":\"required name=search_term_string\"}],\"inLanguage\":\"pl-PL\"},{\"@type\":\"WebPage\",\"@id\":\"https:\/\/www.szpitalnaklinach.pl\/klo\/chirurgiczne-leczenie-otylosci\/zabiegi-bariatryczne\/balon-zoladkowy\/#webpage\",\"url\":\"https:\/\/www.szpitalnaklinach.pl\/klo\/chirurgiczne-leczenie-otylosci\/zabiegi-bariatryczne\/balon-zoladkowy\/\",\"name\":\"Balon \\u017co\\u0142\\u0105dkowy - zak\\u0142adanie, korzy\\u015bci, wady, dla kogo, powik\\u0142ania\",\"isPartOf\":{\"@id\":\"https:\/\/www.szpitalnaklinach.pl\/klo\/#website\"},\"datePublished\":\"2020-09-11T16:08:29+00:00\",\"dateModified\":\"2020-10-21T12:16:48+00:00\",\"description\":\"Balon \\u017co\\u0142\\u0105dkowy jest wype\\u0142niony p\\u0142ynem, co zmniejsza maksymaln\\u0105 obj\\u0119to\\u015b\\u0107 \\u017co\\u0142\\u0105dka i uniemo\\u017cliwia spo\\u017cywanie du\\u017cych ilo\\u015bci pokarmu \\ud83d\\udc49Wi\\u0119cej\\ud83d\\udc48\",\"breadcrumb\":{\"@id\":\"https:\/\/www.szpitalnaklinach.pl\/klo\/chirurgiczne-leczenie-otylosci\/zabiegi-bariatryczne\/balon-zoladkowy\/#breadcrumb\"},\"inLanguage\":\"pl-PL\",\"potentialAction\":[{\"@type\":\"ReadAction\",\"target\":[\"https:\/\/www.szpitalnaklinach.pl\/klo\/chirurgiczne-leczenie-otylosci\/zabiegi-bariatryczne\/balon-zoladkowy\/\"]}]},{\"@type\":\"BreadcrumbList\",\"@id\":\"https:\/\/www.szpitalnaklinach.pl\/klo\/chirurgiczne-leczenie-otylosci\/zabiegi-bariatryczne\/balon-zoladkowy\/#breadcrumb\",\"itemListElement\":[{\"@type\":\"ListItem\",\"position\":1,\"name\":\"Strona g\\u0142\\u00f3wna\",\"item\":\"https:\/\/www.szpitalnaklinach.pl\/klo\/\"},{\"@type\":\"ListItem\",\"position\":2,\"name\":\"Chirurgiczne leczenie oty\\u0142o\\u015bci\",\"item\":\"https:\/\/www.szpitalnaklinach.pl\/klo\/chirurgiczne-leczenie-otylosci\/\"},{\"@type\":\"ListItem\",\"position\":3,\"name\":\"Metody wykonywania zabieg\\u00f3w bariatrycznych\",\"item\":\"https:\/\/www.szpitalnaklinach.pl\/klo\/chirurgiczne-leczenie-otylosci\/zabiegi-bariatryczne\/\"},{\"@type\":\"ListItem\",\"position\":4,\"name\":\"Balon \\u017co\\u0142\\u0105dkowy\"}]}]}<\/script>\n<!-- \/ Yoast SEO plugin. -->","yoast_head_json":{"title":"Balon \u017co\u0142\u0105dkowy - zak\u0142adanie, korzy\u015bci, wady, dla kogo, powik\u0142ania","description":"Balon \u017co\u0142\u0105dkowy jest wype\u0142niony p\u0142ynem, co zmniejsza maksymaln\u0105 obj\u0119to\u015b\u0107 \u017co\u0142\u0105dka i uniemo\u017cliwia spo\u017cywanie du\u017cych ilo\u015bci pokarmu \ud83d\udc49Wi\u0119cej\ud83d\udc48","robots":{"index":"index","follow":"follow","max-snippet":"max-snippet:-1","max-image-preview":"max-image-preview:large","max-video-preview":"max-video-preview:-1"},"canonical":"https:\/\/www.szpitalnaklinach.pl\/klo\/chirurgiczne-leczenie-otylosci\/zabiegi-bariatryczne\/balon-zoladkowy\/","og_locale":"pl_PL","og_type":"article","og_title":"Balon \u017co\u0142\u0105dkowy - zak\u0142adanie, korzy\u015bci, wady, dla kogo, powik\u0142ania","og_description":"Balon \u017co\u0142\u0105dkowy jest wype\u0142niony p\u0142ynem, co zmniejsza maksymaln\u0105 obj\u0119to\u015b\u0107 \u017co\u0142\u0105dka i uniemo\u017cliwia spo\u017cywanie du\u017cych ilo\u015bci pokarmu \ud83d\udc49Wi\u0119cej\ud83d\udc48","og_url":"https:\/\/www.szpitalnaklinach.pl\/klo\/chirurgiczne-leczenie-otylosci\/zabiegi-bariatryczne\/balon-zoladkowy\/","og_site_name":"Klinika Leczenia Oty\u0142o\u015bci w Szpitalu na Klinach","article_modified_time":"2020-10-21T12:16:48+00:00","twitter_card":"summary_large_image","schema":{"@context":"https:\/\/schema.org","@graph":[{"@type":"WebSite","@id":"https:\/\/www.szpitalnaklinach.pl\/klo\/#website","url":"https:\/\/www.szpitalnaklinach.pl\/klo\/","name":"Klinika Leczenia Oty\u0142o\u015bci w Szpitalu na Klinach","description":"Klinika Leczenia Oty\u0142o\u015bci w Szpitalu na Klinach","potentialAction":[{"@type":"SearchAction","target":{"@type":"EntryPoint","urlTemplate":"https:\/\/www.szpitalnaklinach.pl\/klo\/?s={search_term_string}"},"query-input":"required name=search_term_string"}],"inLanguage":"pl-PL"},{"@type":"WebPage","@id":"https:\/\/www.szpitalnaklinach.pl\/klo\/chirurgiczne-leczenie-otylosci\/zabiegi-bariatryczne\/balon-zoladkowy\/#webpage","url":"https:\/\/www.szpitalnaklinach.pl\/klo\/chirurgiczne-leczenie-otylosci\/zabiegi-bariatryczne\/balon-zoladkowy\/","name":"Balon \u017co\u0142\u0105dkowy - zak\u0142adanie, korzy\u015bci, wady, dla kogo, powik\u0142ania","isPartOf":{"@id":"https:\/\/www.szpitalnaklinach.pl\/klo\/#website"},"datePublished":"2020-09-11T16:08:29+00:00","dateModified":"2020-10-21T12:16:48+00:00","description":"Balon \u017co\u0142\u0105dkowy jest wype\u0142niony p\u0142ynem, co zmniejsza maksymaln\u0105 obj\u0119to\u015b\u0107 \u017co\u0142\u0105dka i uniemo\u017cliwia spo\u017cywanie du\u017cych ilo\u015bci pokarmu \ud83d\udc49Wi\u0119cej\ud83d\udc48","breadcrumb":{"@id":"https:\/\/www.szpitalnaklinach.pl\/klo\/chirurgiczne-leczenie-otylosci\/zabiegi-bariatryczne\/balon-zoladkowy\/#breadcrumb"},"inLanguage":"pl-PL","potentialAction":[{"@type":"ReadAction","target":["https:\/\/www.szpitalnaklinach.pl\/klo\/chirurgiczne-leczenie-otylosci\/zabiegi-bariatryczne\/balon-zoladkowy\/"]}]},{"@type":"BreadcrumbList","@id":"https:\/\/www.szpitalnaklinach.pl\/klo\/chirurgiczne-leczenie-otylosci\/zabiegi-bariatryczne\/balon-zoladkowy\/#breadcrumb","itemListElement":[{"@type":"ListItem","position":1,"name":"Strona g\u0142\u00f3wna","item":"https:\/\/www.szpitalnaklinach.pl\/klo\/"},{"@type":"ListItem","position":2,"name":"Chirurgiczne leczenie oty\u0142o\u015bci","item":"https:\/\/www.szpitalnaklinach.pl\/klo\/chirurgiczne-leczenie-otylosci\/"},{"@type":"ListItem","position":3,"name":"Metody wykonywania zabieg\u00f3w bariatrycznych","item":"https:\/\/www.szpitalnaklinach.pl\/klo\/chirurgiczne-leczenie-otylosci\/zabiegi-bariatryczne\/"},{"@type":"ListItem","position":4,"name":"Balon \u017co\u0142\u0105dkowy"}]}]}},"_links":{"self":[{"href":"https:\/\/www.szpitalnaklinach.pl\/klo\/wp-json\/wp\/v2\/pages\/162","targetHints":{"allow":["GET"]}}],"collection":[{"href":"https:\/\/www.szpitalnaklinach.pl\/klo\/wp-json\/wp\/v2\/pages"}],"about":[{"href":"https:\/\/www.szpitalnaklinach.pl\/klo\/wp-json\/wp\/v2\/types\/page"}],"author":[{"embeddable":true,"href":"https:\/\/www.szpitalnaklinach.pl\/klo\/wp-json\/wp\/v2\/users\/1"}],"replies":[{"embeddable":true,"href":"https:\/\/www.szpitalnaklinach.pl\/klo\/wp-json\/wp\/v2\/comments?post=162"}],"version-history":[{"count":5,"href":"https:\/\/www.szpitalnaklinach.pl\/klo\/wp-json\/wp\/v2\/pages\/162\/revisions"}],"predecessor-version":[{"id":699,"href":"https:\/\/www.szpitalnaklinach.pl\/klo\/wp-json\/wp\/v2\/pages\/162\/revisions\/699"}],"up":[{"embeddable":true,"href":"https:\/\/www.szpitalnaklinach.pl\/klo\/wp-json\/wp\/v2\/pages\/398"}],"wp:attachment":[{"href":"https:\/\/www.szpitalnaklinach.pl\/klo\/wp-json\/wp\/v2\/media?parent=162"}],"curies":[{"name":"wp","href":"https:\/\/api.w.org\/{rel}","templated":true}]}}