{"id":152,"date":"2020-09-11T18:05:09","date_gmt":"2020-09-11T16:05:09","guid":{"rendered":"https:\/\/www.szpitalnaklinach.pl\/klo?page_id=152"},"modified":"2020-10-21T13:57:08","modified_gmt":"2020-10-21T11:57:08","slug":"korzysci-z-operacji","status":"publish","type":"page","link":"https:\/\/www.szpitalnaklinach.pl\/klo\/chirurgiczne-leczenie-otylosci\/korzysci-z-operacji\/","title":{"rendered":"Korzy\u015bci z operacji bariatrycznych"},"content":{"rendered":"","protected":false},"excerpt":{"rendered":"","protected":false},"author":1,"featured_media":0,"parent":40,"menu_order":0,"comment_status":"closed","ping_status":"closed","template":"","meta":{"footnotes":""},"class_list":["post-152","page","type-page","status-publish","hentry"],"yoast_head":"<!-- This site is optimized with the Yoast SEO plugin v17.2 - https:\/\/yoast.com\/wordpress\/plugins\/seo\/ -->\n<title>Jakie krzy\u015bci p\u0142yn\u0105 z operacji bariatrycznych dla pacjent\u00f3w z oty\u0142o\u015bci\u0105?<\/title>\n<meta name=\"description\" content=\"Operacje bariatryczne pozwalaj\u0105 pacjentom na utrat\u0119 masy cia\u0142a, co cz\u0119sto jest ostatni\u0105 desk\u0105 ratunku w walce z oty\u0142o\u015bci\u0105 olbrzymi\u0105.\" \/>\n<meta name=\"robots\" content=\"index, follow, max-snippet:-1, max-image-preview:large, max-video-preview:-1\" \/>\n<link rel=\"canonical\" href=\"https:\/\/www.szpitalnaklinach.pl\/klo\/chirurgiczne-leczenie-otylosci\/korzysci-z-operacji\/\" \/>\n<meta property=\"og:locale\" content=\"pl_PL\" \/>\n<meta property=\"og:type\" content=\"article\" \/>\n<meta property=\"og:title\" content=\"Jakie krzy\u015bci p\u0142yn\u0105 z operacji bariatrycznych dla pacjent\u00f3w z oty\u0142o\u015bci\u0105?\" \/>\n<meta property=\"og:description\" content=\"Operacje bariatryczne pozwalaj\u0105 pacjentom na utrat\u0119 masy cia\u0142a, co cz\u0119sto jest ostatni\u0105 desk\u0105 ratunku w walce z oty\u0142o\u015bci\u0105 olbrzymi\u0105.\" \/>\n<meta property=\"og:url\" content=\"https:\/\/www.szpitalnaklinach.pl\/klo\/chirurgiczne-leczenie-otylosci\/korzysci-z-operacji\/\" \/>\n<meta property=\"og:site_name\" content=\"Klinika Leczenia Oty\u0142o\u015bci w Szpitalu na Klinach\" \/>\n<meta property=\"article:modified_time\" content=\"2020-10-21T11:57:08+00:00\" \/>\n<meta name=\"twitter:card\" content=\"summary_large_image\" \/>\n<script type=\"application\/ld+json\" class=\"yoast-schema-graph\">{\"@context\":\"https:\/\/schema.org\",\"@graph\":[{\"@type\":\"WebSite\",\"@id\":\"https:\/\/www.szpitalnaklinach.pl\/klo\/#website\",\"url\":\"https:\/\/www.szpitalnaklinach.pl\/klo\/\",\"name\":\"Klinika Leczenia Oty\\u0142o\\u015bci w Szpitalu na Klinach\",\"description\":\"Klinika Leczenia Oty\\u0142o\\u015bci w Szpitalu na Klinach\",\"potentialAction\":[{\"@type\":\"SearchAction\",\"target\":{\"@type\":\"EntryPoint\",\"urlTemplate\":\"https:\/\/www.szpitalnaklinach.pl\/klo\/?s={search_term_string}\"},\"query-input\":\"required name=search_term_string\"}],\"inLanguage\":\"pl-PL\"},{\"@type\":\"WebPage\",\"@id\":\"https:\/\/www.szpitalnaklinach.pl\/klo\/chirurgiczne-leczenie-otylosci\/korzysci-z-operacji\/#webpage\",\"url\":\"https:\/\/www.szpitalnaklinach.pl\/klo\/chirurgiczne-leczenie-otylosci\/korzysci-z-operacji\/\",\"name\":\"Jakie krzy\\u015bci p\\u0142yn\\u0105 z operacji bariatrycznych dla pacjent\\u00f3w z oty\\u0142o\\u015bci\\u0105?\",\"isPartOf\":{\"@id\":\"https:\/\/www.szpitalnaklinach.pl\/klo\/#website\"},\"datePublished\":\"2020-09-11T16:05:09+00:00\",\"dateModified\":\"2020-10-21T11:57:08+00:00\",\"description\":\"Operacje bariatryczne pozwalaj\\u0105 pacjentom na utrat\\u0119 masy cia\\u0142a, co cz\\u0119sto jest ostatni\\u0105 desk\\u0105 ratunku w walce z oty\\u0142o\\u015bci\\u0105 olbrzymi\\u0105.\",\"breadcrumb\":{\"@id\":\"https:\/\/www.szpitalnaklinach.pl\/klo\/chirurgiczne-leczenie-otylosci\/korzysci-z-operacji\/#breadcrumb\"},\"inLanguage\":\"pl-PL\",\"potentialAction\":[{\"@type\":\"ReadAction\",\"target\":[\"https:\/\/www.szpitalnaklinach.pl\/klo\/chirurgiczne-leczenie-otylosci\/korzysci-z-operacji\/\"]}]},{\"@type\":\"BreadcrumbList\",\"@id\":\"https:\/\/www.szpitalnaklinach.pl\/klo\/chirurgiczne-leczenie-otylosci\/korzysci-z-operacji\/#breadcrumb\",\"itemListElement\":[{\"@type\":\"ListItem\",\"position\":1,\"name\":\"Strona g\\u0142\\u00f3wna\",\"item\":\"https:\/\/www.szpitalnaklinach.pl\/klo\/\"},{\"@type\":\"ListItem\",\"position\":2,\"name\":\"Chirurgiczne leczenie oty\\u0142o\\u015bci\",\"item\":\"https:\/\/www.szpitalnaklinach.pl\/klo\/chirurgiczne-leczenie-otylosci\/\"},{\"@type\":\"ListItem\",\"position\":3,\"name\":\"Korzy\\u015bci z operacji bariatrycznych\"}]}]}<\/script>\n<!-- \/ Yoast SEO plugin. -->","yoast_head_json":{"title":"Jakie krzy\u015bci p\u0142yn\u0105 z operacji bariatrycznych dla pacjent\u00f3w z oty\u0142o\u015bci\u0105?","description":"Operacje bariatryczne pozwalaj\u0105 pacjentom na utrat\u0119 masy cia\u0142a, co cz\u0119sto jest ostatni\u0105 desk\u0105 ratunku w walce z oty\u0142o\u015bci\u0105 olbrzymi\u0105.","robots":{"index":"index","follow":"follow","max-snippet":"max-snippet:-1","max-image-preview":"max-image-preview:large","max-video-preview":"max-video-preview:-1"},"canonical":"https:\/\/www.szpitalnaklinach.pl\/klo\/chirurgiczne-leczenie-otylosci\/korzysci-z-operacji\/","og_locale":"pl_PL","og_type":"article","og_title":"Jakie krzy\u015bci p\u0142yn\u0105 z operacji bariatrycznych dla pacjent\u00f3w z oty\u0142o\u015bci\u0105?","og_description":"Operacje bariatryczne pozwalaj\u0105 pacjentom na utrat\u0119 masy cia\u0142a, co cz\u0119sto jest ostatni\u0105 desk\u0105 ratunku w walce z oty\u0142o\u015bci\u0105 olbrzymi\u0105.","og_url":"https:\/\/www.szpitalnaklinach.pl\/klo\/chirurgiczne-leczenie-otylosci\/korzysci-z-operacji\/","og_site_name":"Klinika Leczenia Oty\u0142o\u015bci w Szpitalu na Klinach","article_modified_time":"2020-10-21T11:57:08+00:00","twitter_card":"summary_large_image","schema":{"@context":"https:\/\/schema.org","@graph":[{"@type":"WebSite","@id":"https:\/\/www.szpitalnaklinach.pl\/klo\/#website","url":"https:\/\/www.szpitalnaklinach.pl\/klo\/","name":"Klinika Leczenia Oty\u0142o\u015bci w Szpitalu na Klinach","description":"Klinika Leczenia Oty\u0142o\u015bci w Szpitalu na Klinach","potentialAction":[{"@type":"SearchAction","target":{"@type":"EntryPoint","urlTemplate":"https:\/\/www.szpitalnaklinach.pl\/klo\/?s={search_term_string}"},"query-input":"required name=search_term_string"}],"inLanguage":"pl-PL"},{"@type":"WebPage","@id":"https:\/\/www.szpitalnaklinach.pl\/klo\/chirurgiczne-leczenie-otylosci\/korzysci-z-operacji\/#webpage","url":"https:\/\/www.szpitalnaklinach.pl\/klo\/chirurgiczne-leczenie-otylosci\/korzysci-z-operacji\/","name":"Jakie krzy\u015bci p\u0142yn\u0105 z operacji bariatrycznych dla pacjent\u00f3w z oty\u0142o\u015bci\u0105?","isPartOf":{"@id":"https:\/\/www.szpitalnaklinach.pl\/klo\/#website"},"datePublished":"2020-09-11T16:05:09+00:00","dateModified":"2020-10-21T11:57:08+00:00","description":"Operacje bariatryczne pozwalaj\u0105 pacjentom na utrat\u0119 masy cia\u0142a, co cz\u0119sto jest ostatni\u0105 desk\u0105 ratunku w walce z oty\u0142o\u015bci\u0105 olbrzymi\u0105.","breadcrumb":{"@id":"https:\/\/www.szpitalnaklinach.pl\/klo\/chirurgiczne-leczenie-otylosci\/korzysci-z-operacji\/#breadcrumb"},"inLanguage":"pl-PL","potentialAction":[{"@type":"ReadAction","target":["https:\/\/www.szpitalnaklinach.pl\/klo\/chirurgiczne-leczenie-otylosci\/korzysci-z-operacji\/"]}]},{"@type":"BreadcrumbList","@id":"https:\/\/www.szpitalnaklinach.pl\/klo\/chirurgiczne-leczenie-otylosci\/korzysci-z-operacji\/#breadcrumb","itemListElement":[{"@type":"ListItem","position":1,"name":"Strona g\u0142\u00f3wna","item":"https:\/\/www.szpitalnaklinach.pl\/klo\/"},{"@type":"ListItem","position":2,"name":"Chirurgiczne leczenie oty\u0142o\u015bci","item":"https:\/\/www.szpitalnaklinach.pl\/klo\/chirurgiczne-leczenie-otylosci\/"},{"@type":"ListItem","position":3,"name":"Korzy\u015bci z operacji bariatrycznych"}]}]}},"_links":{"self":[{"href":"https:\/\/www.szpitalnaklinach.pl\/klo\/wp-json\/wp\/v2\/pages\/152","targetHints":{"allow":["GET"]}}],"collection":[{"href":"https:\/\/www.szpitalnaklinach.pl\/klo\/wp-json\/wp\/v2\/pages"}],"about":[{"href":"https:\/\/www.szpitalnaklinach.pl\/klo\/wp-json\/wp\/v2\/types\/page"}],"author":[{"embeddable":true,"href":"https:\/\/www.szpitalnaklinach.pl\/klo\/wp-json\/wp\/v2\/users\/1"}],"replies":[{"embeddable":true,"href":"https:\/\/www.szpitalnaklinach.pl\/klo\/wp-json\/wp\/v2\/comments?post=152"}],"version-history":[{"count":9,"href":"https:\/\/www.szpitalnaklinach.pl\/klo\/wp-json\/wp\/v2\/pages\/152\/revisions"}],"predecessor-version":[{"id":693,"href":"https:\/\/www.szpitalnaklinach.pl\/klo\/wp-json\/wp\/v2\/pages\/152\/revisions\/693"}],"up":[{"embeddable":true,"href":"https:\/\/www.szpitalnaklinach.pl\/klo\/wp-json\/wp\/v2\/pages\/40"}],"wp:attachment":[{"href":"https:\/\/www.szpitalnaklinach.pl\/klo\/wp-json\/wp\/v2\/media?parent=152"}],"curies":[{"name":"wp","href":"https:\/\/api.w.org\/{rel}","templated":true}]}}