{"id":148,"date":"2020-09-11T18:04:48","date_gmt":"2020-09-11T16:04:48","guid":{"rendered":"https:\/\/www.szpitalnaklinach.pl\/klo?page_id=148"},"modified":"2020-10-21T14:35:35","modified_gmt":"2020-10-21T12:35:35","slug":"wskazania-do-chirurgicznego-leczenia-otylosci","status":"publish","type":"page","link":"https:\/\/www.szpitalnaklinach.pl\/klo\/chirurgiczne-leczenie-otylosci\/wskazania-do-chirurgicznego-leczenia-otylosci\/","title":{"rendered":"Wskazania do chirurgicznego leczenia oty\u0142o\u015bci"},"content":{"rendered":"","protected":false},"excerpt":{"rendered":"","protected":false},"author":1,"featured_media":0,"parent":40,"menu_order":0,"comment_status":"closed","ping_status":"closed","template":"","meta":{"footnotes":""},"class_list":["post-148","page","type-page","status-publish","hentry"],"yoast_head":"<!-- This site is optimized with the Yoast SEO plugin v17.2 - https:\/\/yoast.com\/wordpress\/plugins\/seo\/ -->\n<title>Wskazania do operacji zmniejszenia \u017co\u0142\u0105dka - leczenie oty\u0142o\u015bci<\/title>\n<meta name=\"description\" content=\"Podstawowym wskazaniem do wykonania operacji zmniejszenia \u017co\u0142\u0105dka jest minimalne BMI 35 oraz wiek pacjenta pomi\u0119dzy 18 a 60 rokiem \u017cycia.\" \/>\n<meta name=\"robots\" content=\"index, follow, max-snippet:-1, max-image-preview:large, max-video-preview:-1\" \/>\n<link rel=\"canonical\" href=\"https:\/\/www.szpitalnaklinach.pl\/klo\/chirurgiczne-leczenie-otylosci\/wskazania-do-chirurgicznego-leczenia-otylosci\/\" \/>\n<meta property=\"og:locale\" content=\"pl_PL\" \/>\n<meta property=\"og:type\" content=\"article\" \/>\n<meta property=\"og:title\" content=\"Wskazania do operacji zmniejszenia \u017co\u0142\u0105dka - leczenie oty\u0142o\u015bci\" \/>\n<meta property=\"og:description\" content=\"Podstawowym wskazaniem do wykonania operacji zmniejszenia \u017co\u0142\u0105dka jest minimalne BMI 35 oraz wiek pacjenta pomi\u0119dzy 18 a 60 rokiem \u017cycia.\" \/>\n<meta property=\"og:url\" content=\"https:\/\/www.szpitalnaklinach.pl\/klo\/chirurgiczne-leczenie-otylosci\/wskazania-do-chirurgicznego-leczenia-otylosci\/\" \/>\n<meta property=\"og:site_name\" content=\"Klinika Leczenia Oty\u0142o\u015bci w Szpitalu na Klinach\" \/>\n<meta property=\"article:modified_time\" content=\"2020-10-21T12:35:35+00:00\" \/>\n<meta name=\"twitter:card\" content=\"summary_large_image\" \/>\n<script type=\"application\/ld+json\" class=\"yoast-schema-graph\">{\"@context\":\"https:\/\/schema.org\",\"@graph\":[{\"@type\":\"WebSite\",\"@id\":\"https:\/\/www.szpitalnaklinach.pl\/klo\/#website\",\"url\":\"https:\/\/www.szpitalnaklinach.pl\/klo\/\",\"name\":\"Klinika Leczenia Oty\\u0142o\\u015bci w Szpitalu na Klinach\",\"description\":\"Klinika Leczenia Oty\\u0142o\\u015bci w Szpitalu na Klinach\",\"potentialAction\":[{\"@type\":\"SearchAction\",\"target\":{\"@type\":\"EntryPoint\",\"urlTemplate\":\"https:\/\/www.szpitalnaklinach.pl\/klo\/?s={search_term_string}\"},\"query-input\":\"required name=search_term_string\"}],\"inLanguage\":\"pl-PL\"},{\"@type\":\"WebPage\",\"@id\":\"https:\/\/www.szpitalnaklinach.pl\/klo\/chirurgiczne-leczenie-otylosci\/wskazania-do-chirurgicznego-leczenia-otylosci\/#webpage\",\"url\":\"https:\/\/www.szpitalnaklinach.pl\/klo\/chirurgiczne-leczenie-otylosci\/wskazania-do-chirurgicznego-leczenia-otylosci\/\",\"name\":\"Wskazania do operacji zmniejszenia \\u017co\\u0142\\u0105dka - leczenie oty\\u0142o\\u015bci\",\"isPartOf\":{\"@id\":\"https:\/\/www.szpitalnaklinach.pl\/klo\/#website\"},\"datePublished\":\"2020-09-11T16:04:48+00:00\",\"dateModified\":\"2020-10-21T12:35:35+00:00\",\"description\":\"Podstawowym wskazaniem do wykonania operacji zmniejszenia \\u017co\\u0142\\u0105dka jest minimalne BMI 35 oraz wiek pacjenta pomi\\u0119dzy 18 a 60 rokiem \\u017cycia.\",\"breadcrumb\":{\"@id\":\"https:\/\/www.szpitalnaklinach.pl\/klo\/chirurgiczne-leczenie-otylosci\/wskazania-do-chirurgicznego-leczenia-otylosci\/#breadcrumb\"},\"inLanguage\":\"pl-PL\",\"potentialAction\":[{\"@type\":\"ReadAction\",\"target\":[\"https:\/\/www.szpitalnaklinach.pl\/klo\/chirurgiczne-leczenie-otylosci\/wskazania-do-chirurgicznego-leczenia-otylosci\/\"]}]},{\"@type\":\"BreadcrumbList\",\"@id\":\"https:\/\/www.szpitalnaklinach.pl\/klo\/chirurgiczne-leczenie-otylosci\/wskazania-do-chirurgicznego-leczenia-otylosci\/#breadcrumb\",\"itemListElement\":[{\"@type\":\"ListItem\",\"position\":1,\"name\":\"Strona g\\u0142\\u00f3wna\",\"item\":\"https:\/\/www.szpitalnaklinach.pl\/klo\/\"},{\"@type\":\"ListItem\",\"position\":2,\"name\":\"Chirurgiczne leczenie oty\\u0142o\\u015bci\",\"item\":\"https:\/\/www.szpitalnaklinach.pl\/klo\/chirurgiczne-leczenie-otylosci\/\"},{\"@type\":\"ListItem\",\"position\":3,\"name\":\"Wskazania do chirurgicznego leczenia oty\\u0142o\\u015bci\"}]}]}<\/script>\n<!-- \/ Yoast SEO plugin. -->","yoast_head_json":{"title":"Wskazania do operacji zmniejszenia \u017co\u0142\u0105dka - leczenie oty\u0142o\u015bci","description":"Podstawowym wskazaniem do wykonania operacji zmniejszenia \u017co\u0142\u0105dka jest minimalne BMI 35 oraz wiek pacjenta pomi\u0119dzy 18 a 60 rokiem \u017cycia.","robots":{"index":"index","follow":"follow","max-snippet":"max-snippet:-1","max-image-preview":"max-image-preview:large","max-video-preview":"max-video-preview:-1"},"canonical":"https:\/\/www.szpitalnaklinach.pl\/klo\/chirurgiczne-leczenie-otylosci\/wskazania-do-chirurgicznego-leczenia-otylosci\/","og_locale":"pl_PL","og_type":"article","og_title":"Wskazania do operacji zmniejszenia \u017co\u0142\u0105dka - leczenie oty\u0142o\u015bci","og_description":"Podstawowym wskazaniem do wykonania operacji zmniejszenia \u017co\u0142\u0105dka jest minimalne BMI 35 oraz wiek pacjenta pomi\u0119dzy 18 a 60 rokiem \u017cycia.","og_url":"https:\/\/www.szpitalnaklinach.pl\/klo\/chirurgiczne-leczenie-otylosci\/wskazania-do-chirurgicznego-leczenia-otylosci\/","og_site_name":"Klinika Leczenia Oty\u0142o\u015bci w Szpitalu na Klinach","article_modified_time":"2020-10-21T12:35:35+00:00","twitter_card":"summary_large_image","schema":{"@context":"https:\/\/schema.org","@graph":[{"@type":"WebSite","@id":"https:\/\/www.szpitalnaklinach.pl\/klo\/#website","url":"https:\/\/www.szpitalnaklinach.pl\/klo\/","name":"Klinika Leczenia Oty\u0142o\u015bci w Szpitalu na Klinach","description":"Klinika Leczenia Oty\u0142o\u015bci w Szpitalu na Klinach","potentialAction":[{"@type":"SearchAction","target":{"@type":"EntryPoint","urlTemplate":"https:\/\/www.szpitalnaklinach.pl\/klo\/?s={search_term_string}"},"query-input":"required name=search_term_string"}],"inLanguage":"pl-PL"},{"@type":"WebPage","@id":"https:\/\/www.szpitalnaklinach.pl\/klo\/chirurgiczne-leczenie-otylosci\/wskazania-do-chirurgicznego-leczenia-otylosci\/#webpage","url":"https:\/\/www.szpitalnaklinach.pl\/klo\/chirurgiczne-leczenie-otylosci\/wskazania-do-chirurgicznego-leczenia-otylosci\/","name":"Wskazania do operacji zmniejszenia \u017co\u0142\u0105dka - leczenie oty\u0142o\u015bci","isPartOf":{"@id":"https:\/\/www.szpitalnaklinach.pl\/klo\/#website"},"datePublished":"2020-09-11T16:04:48+00:00","dateModified":"2020-10-21T12:35:35+00:00","description":"Podstawowym wskazaniem do wykonania operacji zmniejszenia \u017co\u0142\u0105dka jest minimalne BMI 35 oraz wiek pacjenta pomi\u0119dzy 18 a 60 rokiem \u017cycia.","breadcrumb":{"@id":"https:\/\/www.szpitalnaklinach.pl\/klo\/chirurgiczne-leczenie-otylosci\/wskazania-do-chirurgicznego-leczenia-otylosci\/#breadcrumb"},"inLanguage":"pl-PL","potentialAction":[{"@type":"ReadAction","target":["https:\/\/www.szpitalnaklinach.pl\/klo\/chirurgiczne-leczenie-otylosci\/wskazania-do-chirurgicznego-leczenia-otylosci\/"]}]},{"@type":"BreadcrumbList","@id":"https:\/\/www.szpitalnaklinach.pl\/klo\/chirurgiczne-leczenie-otylosci\/wskazania-do-chirurgicznego-leczenia-otylosci\/#breadcrumb","itemListElement":[{"@type":"ListItem","position":1,"name":"Strona g\u0142\u00f3wna","item":"https:\/\/www.szpitalnaklinach.pl\/klo\/"},{"@type":"ListItem","position":2,"name":"Chirurgiczne leczenie oty\u0142o\u015bci","item":"https:\/\/www.szpitalnaklinach.pl\/klo\/chirurgiczne-leczenie-otylosci\/"},{"@type":"ListItem","position":3,"name":"Wskazania do chirurgicznego leczenia oty\u0142o\u015bci"}]}]}},"_links":{"self":[{"href":"https:\/\/www.szpitalnaklinach.pl\/klo\/wp-json\/wp\/v2\/pages\/148","targetHints":{"allow":["GET"]}}],"collection":[{"href":"https:\/\/www.szpitalnaklinach.pl\/klo\/wp-json\/wp\/v2\/pages"}],"about":[{"href":"https:\/\/www.szpitalnaklinach.pl\/klo\/wp-json\/wp\/v2\/types\/page"}],"author":[{"embeddable":true,"href":"https:\/\/www.szpitalnaklinach.pl\/klo\/wp-json\/wp\/v2\/users\/1"}],"replies":[{"embeddable":true,"href":"https:\/\/www.szpitalnaklinach.pl\/klo\/wp-json\/wp\/v2\/comments?post=148"}],"version-history":[{"count":6,"href":"https:\/\/www.szpitalnaklinach.pl\/klo\/wp-json\/wp\/v2\/pages\/148\/revisions"}],"predecessor-version":[{"id":579,"href":"https:\/\/www.szpitalnaklinach.pl\/klo\/wp-json\/wp\/v2\/pages\/148\/revisions\/579"}],"up":[{"embeddable":true,"href":"https:\/\/www.szpitalnaklinach.pl\/klo\/wp-json\/wp\/v2\/pages\/40"}],"wp:attachment":[{"href":"https:\/\/www.szpitalnaklinach.pl\/klo\/wp-json\/wp\/v2\/media?parent=148"}],"curies":[{"name":"wp","href":"https:\/\/api.w.org\/{rel}","templated":true}]}}