{"id":1011,"date":"2022-01-19T10:23:45","date_gmt":"2022-01-19T09:23:45","guid":{"rendered":"https:\/\/www.szpitalnaklinach.pl\/klo\/?page_id=1011"},"modified":"2022-01-19T10:23:45","modified_gmt":"2022-01-19T09:23:45","slug":"operacja-zmniejszenia-zoladka-tego-bylo-mi-trzeba","status":"publish","type":"page","link":"https:\/\/www.szpitalnaklinach.pl\/klo\/historie-pacjentow\/operacja-zmniejszenia-zoladka-tego-bylo-mi-trzeba\/","title":{"rendered":"Operacja zmniejszenia \u017co\u0142\u0105dka &#8211; tego by\u0142o mi trzeba!"},"content":{"rendered":"","protected":false},"excerpt":{"rendered":"","protected":false},"author":1,"featured_media":0,"parent":994,"menu_order":0,"comment_status":"closed","ping_status":"closed","template":"","meta":{"footnotes":""},"class_list":["post-1011","page","type-page","status-publish","hentry"],"yoast_head":"<!-- This site is optimized with the Yoast SEO plugin v17.2 - https:\/\/yoast.com\/wordpress\/plugins\/seo\/ -->\n<title>Operacja zmniejszenia \u017co\u0142\u0105dka - tego by\u0142o mi trzeba! - Klinika Leczenia Oty\u0142o\u015bci w Szpitalu na Klinach<\/title>\n<meta name=\"robots\" content=\"index, follow, max-snippet:-1, max-image-preview:large, max-video-preview:-1\" \/>\n<link rel=\"canonical\" href=\"https:\/\/www.szpitalnaklinach.pl\/klo\/historie-pacjentow\/operacja-zmniejszenia-zoladka-tego-bylo-mi-trzeba\/\" \/>\n<meta property=\"og:locale\" content=\"pl_PL\" \/>\n<meta property=\"og:type\" content=\"article\" \/>\n<meta property=\"og:title\" content=\"Operacja zmniejszenia \u017co\u0142\u0105dka - tego by\u0142o mi trzeba! - Klinika Leczenia Oty\u0142o\u015bci w Szpitalu na Klinach\" \/>\n<meta property=\"og:url\" content=\"https:\/\/www.szpitalnaklinach.pl\/klo\/historie-pacjentow\/operacja-zmniejszenia-zoladka-tego-bylo-mi-trzeba\/\" \/>\n<meta property=\"og:site_name\" content=\"Klinika Leczenia Oty\u0142o\u015bci w Szpitalu na Klinach\" \/>\n<meta name=\"twitter:card\" content=\"summary_large_image\" \/>\n<script type=\"application\/ld+json\" class=\"yoast-schema-graph\">{\"@context\":\"https:\/\/schema.org\",\"@graph\":[{\"@type\":\"WebSite\",\"@id\":\"https:\/\/www.szpitalnaklinach.pl\/klo\/#website\",\"url\":\"https:\/\/www.szpitalnaklinach.pl\/klo\/\",\"name\":\"Klinika Leczenia Oty\\u0142o\\u015bci w Szpitalu na Klinach\",\"description\":\"Klinika Leczenia Oty\\u0142o\\u015bci w Szpitalu na Klinach\",\"potentialAction\":[{\"@type\":\"SearchAction\",\"target\":{\"@type\":\"EntryPoint\",\"urlTemplate\":\"https:\/\/www.szpitalnaklinach.pl\/klo\/?s={search_term_string}\"},\"query-input\":\"required name=search_term_string\"}],\"inLanguage\":\"pl-PL\"},{\"@type\":\"WebPage\",\"@id\":\"https:\/\/www.szpitalnaklinach.pl\/klo\/historie-pacjentow\/operacja-zmniejszenia-zoladka-tego-bylo-mi-trzeba\/#webpage\",\"url\":\"https:\/\/www.szpitalnaklinach.pl\/klo\/historie-pacjentow\/operacja-zmniejszenia-zoladka-tego-bylo-mi-trzeba\/\",\"name\":\"Operacja zmniejszenia \\u017co\\u0142\\u0105dka - tego by\\u0142o mi trzeba! - Klinika Leczenia Oty\\u0142o\\u015bci w Szpitalu na Klinach\",\"isPartOf\":{\"@id\":\"https:\/\/www.szpitalnaklinach.pl\/klo\/#website\"},\"datePublished\":\"2022-01-19T09:23:45+00:00\",\"dateModified\":\"2022-01-19T09:23:45+00:00\",\"breadcrumb\":{\"@id\":\"https:\/\/www.szpitalnaklinach.pl\/klo\/historie-pacjentow\/operacja-zmniejszenia-zoladka-tego-bylo-mi-trzeba\/#breadcrumb\"},\"inLanguage\":\"pl-PL\",\"potentialAction\":[{\"@type\":\"ReadAction\",\"target\":[\"https:\/\/www.szpitalnaklinach.pl\/klo\/historie-pacjentow\/operacja-zmniejszenia-zoladka-tego-bylo-mi-trzeba\/\"]}]},{\"@type\":\"BreadcrumbList\",\"@id\":\"https:\/\/www.szpitalnaklinach.pl\/klo\/historie-pacjentow\/operacja-zmniejszenia-zoladka-tego-bylo-mi-trzeba\/#breadcrumb\",\"itemListElement\":[{\"@type\":\"ListItem\",\"position\":1,\"name\":\"Strona g\\u0142\\u00f3wna\",\"item\":\"https:\/\/www.szpitalnaklinach.pl\/klo\/\"},{\"@type\":\"ListItem\",\"position\":2,\"name\":\"Historie pacjent\\u00f3w Kliniki Leczenia Oty\\u0142o\\u015bci Szpitala na Klinach\",\"item\":\"https:\/\/www.szpitalnaklinach.pl\/klo\/historie-pacjentow\/\"},{\"@type\":\"ListItem\",\"position\":3,\"name\":\"Operacja zmniejszenia \\u017co\\u0142\\u0105dka &#8211; tego by\\u0142o mi trzeba!\"}]}]}<\/script>\n<!-- \/ Yoast SEO plugin. -->","yoast_head_json":{"title":"Operacja zmniejszenia \u017co\u0142\u0105dka - tego by\u0142o mi trzeba! - Klinika Leczenia Oty\u0142o\u015bci w Szpitalu na Klinach","robots":{"index":"index","follow":"follow","max-snippet":"max-snippet:-1","max-image-preview":"max-image-preview:large","max-video-preview":"max-video-preview:-1"},"canonical":"https:\/\/www.szpitalnaklinach.pl\/klo\/historie-pacjentow\/operacja-zmniejszenia-zoladka-tego-bylo-mi-trzeba\/","og_locale":"pl_PL","og_type":"article","og_title":"Operacja zmniejszenia \u017co\u0142\u0105dka - tego by\u0142o mi trzeba! - Klinika Leczenia Oty\u0142o\u015bci w Szpitalu na Klinach","og_url":"https:\/\/www.szpitalnaklinach.pl\/klo\/historie-pacjentow\/operacja-zmniejszenia-zoladka-tego-bylo-mi-trzeba\/","og_site_name":"Klinika Leczenia Oty\u0142o\u015bci w Szpitalu na Klinach","twitter_card":"summary_large_image","schema":{"@context":"https:\/\/schema.org","@graph":[{"@type":"WebSite","@id":"https:\/\/www.szpitalnaklinach.pl\/klo\/#website","url":"https:\/\/www.szpitalnaklinach.pl\/klo\/","name":"Klinika Leczenia Oty\u0142o\u015bci w Szpitalu na Klinach","description":"Klinika Leczenia Oty\u0142o\u015bci w Szpitalu na Klinach","potentialAction":[{"@type":"SearchAction","target":{"@type":"EntryPoint","urlTemplate":"https:\/\/www.szpitalnaklinach.pl\/klo\/?s={search_term_string}"},"query-input":"required name=search_term_string"}],"inLanguage":"pl-PL"},{"@type":"WebPage","@id":"https:\/\/www.szpitalnaklinach.pl\/klo\/historie-pacjentow\/operacja-zmniejszenia-zoladka-tego-bylo-mi-trzeba\/#webpage","url":"https:\/\/www.szpitalnaklinach.pl\/klo\/historie-pacjentow\/operacja-zmniejszenia-zoladka-tego-bylo-mi-trzeba\/","name":"Operacja zmniejszenia \u017co\u0142\u0105dka - tego by\u0142o mi trzeba! - Klinika Leczenia Oty\u0142o\u015bci w Szpitalu na Klinach","isPartOf":{"@id":"https:\/\/www.szpitalnaklinach.pl\/klo\/#website"},"datePublished":"2022-01-19T09:23:45+00:00","dateModified":"2022-01-19T09:23:45+00:00","breadcrumb":{"@id":"https:\/\/www.szpitalnaklinach.pl\/klo\/historie-pacjentow\/operacja-zmniejszenia-zoladka-tego-bylo-mi-trzeba\/#breadcrumb"},"inLanguage":"pl-PL","potentialAction":[{"@type":"ReadAction","target":["https:\/\/www.szpitalnaklinach.pl\/klo\/historie-pacjentow\/operacja-zmniejszenia-zoladka-tego-bylo-mi-trzeba\/"]}]},{"@type":"BreadcrumbList","@id":"https:\/\/www.szpitalnaklinach.pl\/klo\/historie-pacjentow\/operacja-zmniejszenia-zoladka-tego-bylo-mi-trzeba\/#breadcrumb","itemListElement":[{"@type":"ListItem","position":1,"name":"Strona g\u0142\u00f3wna","item":"https:\/\/www.szpitalnaklinach.pl\/klo\/"},{"@type":"ListItem","position":2,"name":"Historie pacjent\u00f3w Kliniki Leczenia Oty\u0142o\u015bci Szpitala na Klinach","item":"https:\/\/www.szpitalnaklinach.pl\/klo\/historie-pacjentow\/"},{"@type":"ListItem","position":3,"name":"Operacja zmniejszenia \u017co\u0142\u0105dka &#8211; tego by\u0142o mi trzeba!"}]}]}},"_links":{"self":[{"href":"https:\/\/www.szpitalnaklinach.pl\/klo\/wp-json\/wp\/v2\/pages\/1011","targetHints":{"allow":["GET"]}}],"collection":[{"href":"https:\/\/www.szpitalnaklinach.pl\/klo\/wp-json\/wp\/v2\/pages"}],"about":[{"href":"https:\/\/www.szpitalnaklinach.pl\/klo\/wp-json\/wp\/v2\/types\/page"}],"author":[{"embeddable":true,"href":"https:\/\/www.szpitalnaklinach.pl\/klo\/wp-json\/wp\/v2\/users\/1"}],"replies":[{"embeddable":true,"href":"https:\/\/www.szpitalnaklinach.pl\/klo\/wp-json\/wp\/v2\/comments?post=1011"}],"version-history":[{"count":2,"href":"https:\/\/www.szpitalnaklinach.pl\/klo\/wp-json\/wp\/v2\/pages\/1011\/revisions"}],"predecessor-version":[{"id":1017,"href":"https:\/\/www.szpitalnaklinach.pl\/klo\/wp-json\/wp\/v2\/pages\/1011\/revisions\/1017"}],"up":[{"embeddable":true,"href":"https:\/\/www.szpitalnaklinach.pl\/klo\/wp-json\/wp\/v2\/pages\/994"}],"wp:attachment":[{"href":"https:\/\/www.szpitalnaklinach.pl\/klo\/wp-json\/wp\/v2\/media?parent=1011"}],"curies":[{"name":"wp","href":"https:\/\/api.w.org\/{rel}","templated":true}]}}