{"id":919,"date":"2021-10-13T13:05:08","date_gmt":"2021-10-13T11:05:08","guid":{"rendered":"https:\/\/www.szpitalnaklinach.pl\/klo\/?page_id=919"},"modified":"2021-10-13T13:05:08","modified_gmt":"2021-10-13T11:05:08","slug":"post-follow-up-care-and-treatment-recommendations","status":"publish","type":"page","link":"https:\/\/www.szpitalnaklinach.pl\/klo\/en\/post-follow-up-care-and-treatment-recommendations\/","title":{"rendered":"Post-follow-up care and treatment recommendations"},"content":{"rendered":"","protected":false},"excerpt":{"rendered":"","protected":false},"author":1,"featured_media":0,"parent":0,"menu_order":0,"comment_status":"closed","ping_status":"closed","template":"","meta":{"footnotes":""},"class_list":["post-919","page","type-page","status-publish","hentry"],"yoast_head":"<!-- This site is optimized with the Yoast SEO plugin v17.2 - https:\/\/yoast.com\/wordpress\/plugins\/seo\/ -->\n<title>Post-follow-up care and treatment recommendations<\/title>\n<meta name=\"description\" content=\"Every one of our patients at the Szpital na Klinach is under the constant care of a bariatrician, psychologist, and dietician after bariatric surgery.\" \/>\n<meta name=\"robots\" content=\"noindex, follow\" \/>\n<meta property=\"og:locale\" content=\"en_US\" \/>\n<meta property=\"og:type\" content=\"article\" \/>\n<meta property=\"og:title\" content=\"Post-follow-up care and treatment recommendations\" \/>\n<meta property=\"og:description\" content=\"Every one of our patients at the Szpital na Klinach is under the constant care of a bariatrician, psychologist, and dietician after bariatric surgery.\" \/>\n<meta property=\"og:url\" content=\"https:\/\/www.szpitalnaklinach.pl\/klo\/en\/life-after-a-bariatric-operation\/\" \/>\n<meta property=\"og:site_name\" content=\"Klinika Leczenia Oty\u0142o\u015bci w Szpitalu na Klinach\" \/>\n<meta name=\"twitter:card\" content=\"summary_large_image\" \/>\n<script type=\"application\/ld+json\" class=\"yoast-schema-graph\">{\"@context\":\"https:\/\/schema.org\",\"@graph\":[{\"@type\":\"WebSite\",\"@id\":\"https:\/\/www.szpitalnaklinach.pl\/klo\/en\/#website\",\"url\":\"https:\/\/www.szpitalnaklinach.pl\/klo\/en\/\",\"name\":\"Klinika Leczenia Oty\\u0142o\\u015bci w Szpitalu na Klinach\",\"description\":\"Klinika Leczenia Oty\\u0142o\\u015bci w Szpitalu na Klinach\",\"potentialAction\":[{\"@type\":\"SearchAction\",\"target\":{\"@type\":\"EntryPoint\",\"urlTemplate\":\"https:\/\/www.szpitalnaklinach.pl\/klo\/en\/?s={search_term_string}\"},\"query-input\":\"required name=search_term_string\"}],\"inLanguage\":\"en-US\"},{\"@type\":\"WebPage\",\"@id\":\"https:\/\/www.szpitalnaklinach.pl\/klo\/en\/life-after-a-bariatric-operation\/#webpage\",\"url\":\"https:\/\/www.szpitalnaklinach.pl\/klo\/en\/life-after-a-bariatric-operation\/\",\"name\":\"Post-follow-up care and treatment recommendations\",\"isPartOf\":{\"@id\":\"https:\/\/www.szpitalnaklinach.pl\/klo\/en\/#website\"},\"datePublished\":\"2021-10-13T11:05:08+00:00\",\"dateModified\":\"2021-10-13T11:05:08+00:00\",\"description\":\"Every one of our patients at the Szpital na Klinach is under the constant care of a bariatrician, psychologist, and dietician after bariatric surgery.\",\"breadcrumb\":{\"@id\":\"https:\/\/www.szpitalnaklinach.pl\/klo\/en\/life-after-a-bariatric-operation\/#breadcrumb\"},\"inLanguage\":\"en-US\",\"potentialAction\":[{\"@type\":\"ReadAction\",\"target\":[\"https:\/\/www.szpitalnaklinach.pl\/klo\/en\/life-after-a-bariatric-operation\/\"]}]},{\"@type\":\"BreadcrumbList\",\"@id\":\"https:\/\/www.szpitalnaklinach.pl\/klo\/en\/life-after-a-bariatric-operation\/#breadcrumb\",\"itemListElement\":[{\"@type\":\"ListItem\",\"position\":1,\"name\":\"Strona g\\u0142\\u00f3wna\",\"item\":\"https:\/\/www.szpitalnaklinach.pl\/klo\/en\/\"},{\"@type\":\"ListItem\",\"position\":2,\"name\":\"Post-follow-up care and treatment recommendations\"}]}]}<\/script>\n<!-- \/ Yoast SEO plugin. -->","yoast_head_json":{"title":"Post-follow-up care and treatment recommendations","description":"Every one of our patients at the Szpital na Klinach is under the constant care of a bariatrician, psychologist, and dietician after bariatric surgery.","robots":{"index":"noindex","follow":"follow"},"og_locale":"en_US","og_type":"article","og_title":"Post-follow-up care and treatment recommendations","og_description":"Every one of our patients at the Szpital na Klinach is under the constant care of a bariatrician, psychologist, and dietician after bariatric surgery.","og_url":"https:\/\/www.szpitalnaklinach.pl\/klo\/en\/life-after-a-bariatric-operation\/","og_site_name":"Klinika Leczenia Oty\u0142o\u015bci w Szpitalu na Klinach","twitter_card":"summary_large_image","schema":{"@context":"https:\/\/schema.org","@graph":[{"@type":"WebSite","@id":"https:\/\/www.szpitalnaklinach.pl\/klo\/en\/#website","url":"https:\/\/www.szpitalnaklinach.pl\/klo\/en\/","name":"Klinika Leczenia Oty\u0142o\u015bci w Szpitalu na Klinach","description":"Klinika Leczenia Oty\u0142o\u015bci w Szpitalu na Klinach","potentialAction":[{"@type":"SearchAction","target":{"@type":"EntryPoint","urlTemplate":"https:\/\/www.szpitalnaklinach.pl\/klo\/en\/?s={search_term_string}"},"query-input":"required name=search_term_string"}],"inLanguage":"en-US"},{"@type":"WebPage","@id":"https:\/\/www.szpitalnaklinach.pl\/klo\/en\/life-after-a-bariatric-operation\/#webpage","url":"https:\/\/www.szpitalnaklinach.pl\/klo\/en\/life-after-a-bariatric-operation\/","name":"Post-follow-up care and treatment recommendations","isPartOf":{"@id":"https:\/\/www.szpitalnaklinach.pl\/klo\/en\/#website"},"datePublished":"2021-10-13T11:05:08+00:00","dateModified":"2021-10-13T11:05:08+00:00","description":"Every one of our patients at the Szpital na Klinach is under the constant care of a bariatrician, psychologist, and dietician after bariatric surgery.","breadcrumb":{"@id":"https:\/\/www.szpitalnaklinach.pl\/klo\/en\/life-after-a-bariatric-operation\/#breadcrumb"},"inLanguage":"en-US","potentialAction":[{"@type":"ReadAction","target":["https:\/\/www.szpitalnaklinach.pl\/klo\/en\/life-after-a-bariatric-operation\/"]}]},{"@type":"BreadcrumbList","@id":"https:\/\/www.szpitalnaklinach.pl\/klo\/en\/life-after-a-bariatric-operation\/#breadcrumb","itemListElement":[{"@type":"ListItem","position":1,"name":"Strona g\u0142\u00f3wna","item":"https:\/\/www.szpitalnaklinach.pl\/klo\/en\/"},{"@type":"ListItem","position":2,"name":"Post-follow-up care and treatment recommendations"}]}]}},"_links":{"self":[{"href":"https:\/\/www.szpitalnaklinach.pl\/klo\/en\/wp-json\/wp\/v2\/pages\/919","targetHints":{"allow":["GET"]}}],"collection":[{"href":"https:\/\/www.szpitalnaklinach.pl\/klo\/en\/wp-json\/wp\/v2\/pages"}],"about":[{"href":"https:\/\/www.szpitalnaklinach.pl\/klo\/en\/wp-json\/wp\/v2\/types\/page"}],"author":[{"embeddable":true,"href":"https:\/\/www.szpitalnaklinach.pl\/klo\/en\/wp-json\/wp\/v2\/users\/1"}],"replies":[{"embeddable":true,"href":"https:\/\/www.szpitalnaklinach.pl\/klo\/en\/wp-json\/wp\/v2\/comments?post=919"}],"version-history":[{"count":1,"href":"https:\/\/www.szpitalnaklinach.pl\/klo\/en\/wp-json\/wp\/v2\/pages\/919\/revisions"}],"predecessor-version":[{"id":921,"href":"https:\/\/www.szpitalnaklinach.pl\/klo\/en\/wp-json\/wp\/v2\/pages\/919\/revisions\/921"}],"wp:attachment":[{"href":"https:\/\/www.szpitalnaklinach.pl\/klo\/en\/wp-json\/wp\/v2\/media?parent=919"}],"curies":[{"name":"wp","href":"https:\/\/api.w.org\/{rel}","templated":true}]}}