{"id":848,"date":"2020-09-11T18:08:45","date_gmt":"2020-09-11T16:08:45","guid":{"rendered":"https:\/\/www.szpitalnaklinach.pl\/klozabiegi-bariatryczne\/zabiegi-rewizycjne\/"},"modified":"2021-09-22T10:16:16","modified_gmt":"2021-09-22T08:16:16","slug":"zabiegi-rewizycjne","status":"publish","type":"page","link":"https:\/\/www.szpitalnaklinach.pl\/klo\/en\/zabiegi-bariatryczne\/zabiegi-rewizycjne\/","title":{"rendered":"Revision treatments"},"content":{"rendered":"","protected":false},"excerpt":{"rendered":"","protected":false},"author":1,"featured_media":0,"parent":833,"menu_order":0,"comment_status":"closed","ping_status":"closed","template":"","meta":{"footnotes":""},"class_list":["post-848","page","type-page","status-publish","hentry"],"yoast_head":"<!-- This site is optimized with the Yoast SEO plugin v17.2 - https:\/\/yoast.com\/wordpress\/plugins\/seo\/ -->\n<title>Revision treatments - Bariatric treatment<\/title>\n<meta name=\"description\" content=\"Revision surgery may be considered in patients who have had complications or are not losing sufficient weight after bariatric surgery.\" \/>\n<meta name=\"robots\" content=\"index, follow, max-snippet:-1, max-image-preview:large, max-video-preview:-1\" \/>\n<link rel=\"canonical\" href=\"https:\/\/www.szpitalnaklinach.pl\/klo\/en\/zabiegi-bariatryczne\/zabiegi-rewizycjne\/\" \/>\n<meta property=\"og:locale\" content=\"en_US\" \/>\n<meta property=\"og:type\" content=\"article\" \/>\n<meta property=\"og:title\" content=\"Revision treatments - Bariatric treatment\" \/>\n<meta property=\"og:description\" content=\"Revision surgery may be considered in patients who have had complications or are not losing sufficient weight after bariatric surgery.\" \/>\n<meta property=\"og:url\" content=\"https:\/\/www.szpitalnaklinach.pl\/klo\/en\/zabiegi-bariatryczne\/zabiegi-rewizycjne\/\" \/>\n<meta property=\"og:site_name\" content=\"Klinika Leczenia Oty\u0142o\u015bci w Szpitalu na Klinach\" \/>\n<meta property=\"article:modified_time\" content=\"2021-09-22T08:16:16+00:00\" \/>\n<meta name=\"twitter:card\" content=\"summary_large_image\" \/>\n<script type=\"application\/ld+json\" class=\"yoast-schema-graph\">{\"@context\":\"https:\/\/schema.org\",\"@graph\":[{\"@type\":\"WebSite\",\"@id\":\"https:\/\/www.szpitalnaklinach.pl\/klo\/en\/#website\",\"url\":\"https:\/\/www.szpitalnaklinach.pl\/klo\/en\/\",\"name\":\"Klinika Leczenia Oty\\u0142o\\u015bci w Szpitalu na Klinach\",\"description\":\"Klinika Leczenia Oty\\u0142o\\u015bci w Szpitalu na Klinach\",\"potentialAction\":[{\"@type\":\"SearchAction\",\"target\":{\"@type\":\"EntryPoint\",\"urlTemplate\":\"https:\/\/www.szpitalnaklinach.pl\/klo\/en\/?s={search_term_string}\"},\"query-input\":\"required name=search_term_string\"}],\"inLanguage\":\"en-US\"},{\"@type\":\"WebPage\",\"@id\":\"https:\/\/www.szpitalnaklinach.pl\/klo\/en\/zabiegi-bariatryczne\/zabiegi-rewizycjne\/#webpage\",\"url\":\"https:\/\/www.szpitalnaklinach.pl\/klo\/en\/zabiegi-bariatryczne\/zabiegi-rewizycjne\/\",\"name\":\"Revision treatments - Bariatric treatment\",\"isPartOf\":{\"@id\":\"https:\/\/www.szpitalnaklinach.pl\/klo\/en\/#website\"},\"datePublished\":\"2020-09-11T16:08:45+00:00\",\"dateModified\":\"2021-09-22T08:16:16+00:00\",\"description\":\"Revision surgery may be considered in patients who have had complications or are not losing sufficient weight after bariatric surgery.\",\"breadcrumb\":{\"@id\":\"https:\/\/www.szpitalnaklinach.pl\/klo\/en\/zabiegi-bariatryczne\/zabiegi-rewizycjne\/#breadcrumb\"},\"inLanguage\":\"en-US\",\"potentialAction\":[{\"@type\":\"ReadAction\",\"target\":[\"https:\/\/www.szpitalnaklinach.pl\/klo\/en\/zabiegi-bariatryczne\/zabiegi-rewizycjne\/\"]}]},{\"@type\":\"BreadcrumbList\",\"@id\":\"https:\/\/www.szpitalnaklinach.pl\/klo\/en\/zabiegi-bariatryczne\/zabiegi-rewizycjne\/#breadcrumb\",\"itemListElement\":[{\"@type\":\"ListItem\",\"position\":1,\"name\":\"Strona g\\u0142\\u00f3wna\",\"item\":\"https:\/\/www.szpitalnaklinach.pl\/klo\/en\/\"},{\"@type\":\"ListItem\",\"position\":2,\"name\":\"Bariatric treatment\",\"item\":\"https:\/\/www.szpitalnaklinach.pl\/klo\/en\/zabiegi-bariatryczne\/\"},{\"@type\":\"ListItem\",\"position\":3,\"name\":\"Revision treatments\"}]}]}<\/script>\n<!-- \/ Yoast SEO plugin. -->","yoast_head_json":{"title":"Revision treatments - Bariatric treatment","description":"Revision surgery may be considered in patients who have had complications or are not losing sufficient weight after bariatric surgery.","robots":{"index":"index","follow":"follow","max-snippet":"max-snippet:-1","max-image-preview":"max-image-preview:large","max-video-preview":"max-video-preview:-1"},"canonical":"https:\/\/www.szpitalnaklinach.pl\/klo\/en\/zabiegi-bariatryczne\/zabiegi-rewizycjne\/","og_locale":"en_US","og_type":"article","og_title":"Revision treatments - Bariatric treatment","og_description":"Revision surgery may be considered in patients who have had complications or are not losing sufficient weight after bariatric surgery.","og_url":"https:\/\/www.szpitalnaklinach.pl\/klo\/en\/zabiegi-bariatryczne\/zabiegi-rewizycjne\/","og_site_name":"Klinika Leczenia Oty\u0142o\u015bci w Szpitalu na Klinach","article_modified_time":"2021-09-22T08:16:16+00:00","twitter_card":"summary_large_image","schema":{"@context":"https:\/\/schema.org","@graph":[{"@type":"WebSite","@id":"https:\/\/www.szpitalnaklinach.pl\/klo\/en\/#website","url":"https:\/\/www.szpitalnaklinach.pl\/klo\/en\/","name":"Klinika Leczenia Oty\u0142o\u015bci w Szpitalu na Klinach","description":"Klinika Leczenia Oty\u0142o\u015bci w Szpitalu na Klinach","potentialAction":[{"@type":"SearchAction","target":{"@type":"EntryPoint","urlTemplate":"https:\/\/www.szpitalnaklinach.pl\/klo\/en\/?s={search_term_string}"},"query-input":"required name=search_term_string"}],"inLanguage":"en-US"},{"@type":"WebPage","@id":"https:\/\/www.szpitalnaklinach.pl\/klo\/en\/zabiegi-bariatryczne\/zabiegi-rewizycjne\/#webpage","url":"https:\/\/www.szpitalnaklinach.pl\/klo\/en\/zabiegi-bariatryczne\/zabiegi-rewizycjne\/","name":"Revision treatments - Bariatric treatment","isPartOf":{"@id":"https:\/\/www.szpitalnaklinach.pl\/klo\/en\/#website"},"datePublished":"2020-09-11T16:08:45+00:00","dateModified":"2021-09-22T08:16:16+00:00","description":"Revision surgery may be considered in patients who have had complications or are not losing sufficient weight after bariatric surgery.","breadcrumb":{"@id":"https:\/\/www.szpitalnaklinach.pl\/klo\/en\/zabiegi-bariatryczne\/zabiegi-rewizycjne\/#breadcrumb"},"inLanguage":"en-US","potentialAction":[{"@type":"ReadAction","target":["https:\/\/www.szpitalnaklinach.pl\/klo\/en\/zabiegi-bariatryczne\/zabiegi-rewizycjne\/"]}]},{"@type":"BreadcrumbList","@id":"https:\/\/www.szpitalnaklinach.pl\/klo\/en\/zabiegi-bariatryczne\/zabiegi-rewizycjne\/#breadcrumb","itemListElement":[{"@type":"ListItem","position":1,"name":"Strona g\u0142\u00f3wna","item":"https:\/\/www.szpitalnaklinach.pl\/klo\/en\/"},{"@type":"ListItem","position":2,"name":"Bariatric treatment","item":"https:\/\/www.szpitalnaklinach.pl\/klo\/en\/zabiegi-bariatryczne\/"},{"@type":"ListItem","position":3,"name":"Revision treatments"}]}]}},"_links":{"self":[{"href":"https:\/\/www.szpitalnaklinach.pl\/klo\/en\/wp-json\/wp\/v2\/pages\/848","targetHints":{"allow":["GET"]}}],"collection":[{"href":"https:\/\/www.szpitalnaklinach.pl\/klo\/en\/wp-json\/wp\/v2\/pages"}],"about":[{"href":"https:\/\/www.szpitalnaklinach.pl\/klo\/en\/wp-json\/wp\/v2\/types\/page"}],"author":[{"embeddable":true,"href":"https:\/\/www.szpitalnaklinach.pl\/klo\/en\/wp-json\/wp\/v2\/users\/1"}],"replies":[{"embeddable":true,"href":"https:\/\/www.szpitalnaklinach.pl\/klo\/en\/wp-json\/wp\/v2\/comments?post=848"}],"version-history":[{"count":1,"href":"https:\/\/www.szpitalnaklinach.pl\/klo\/en\/wp-json\/wp\/v2\/pages\/848\/revisions"}],"predecessor-version":[{"id":849,"href":"https:\/\/www.szpitalnaklinach.pl\/klo\/en\/wp-json\/wp\/v2\/pages\/848\/revisions\/849"}],"up":[{"embeddable":true,"href":"https:\/\/www.szpitalnaklinach.pl\/klo\/en\/wp-json\/wp\/v2\/pages\/833"}],"wp:attachment":[{"href":"https:\/\/www.szpitalnaklinach.pl\/klo\/en\/wp-json\/wp\/v2\/media?parent=848"}],"curies":[{"name":"wp","href":"https:\/\/api.w.org\/{rel}","templated":true}]}}