{"id":842,"date":"2020-09-25T10:16:51","date_gmt":"2020-09-25T08:16:51","guid":{"rendered":"https:\/\/www.szpitalnaklinach.pl\/klozabiegi-bariatryczne\/mini-gastric-bypass-mgb\/"},"modified":"2021-10-13T13:21:44","modified_gmt":"2021-10-13T11:21:44","slug":"mini-gastric-bypass-mgb","status":"publish","type":"page","link":"https:\/\/www.szpitalnaklinach.pl\/klo\/en\/zabiegi-bariatryczne\/mini-gastric-bypass-mgb\/","title":{"rendered":"Mini \u2013 Gastric Bypass (MGB)"},"content":{"rendered":"","protected":false},"excerpt":{"rendered":"","protected":false},"author":1,"featured_media":0,"parent":833,"menu_order":0,"comment_status":"closed","ping_status":"closed","template":"","meta":{"footnotes":""},"class_list":["post-842","page","type-page","status-publish","hentry"],"yoast_head":"<!-- This site is optimized with the Yoast SEO plugin v17.2 - https:\/\/yoast.com\/wordpress\/plugins\/seo\/ -->\n<title>Mini \u2013 Gastric Bypass (MGB) - Bariatric treatment<\/title>\n<meta name=\"description\" content=\"Mini \u2013 Gastric Bypass (MGB) has become popular in recent years, mainly in some Asian countries, due to the expected weight loss effect and good control of type 2 diabetes and other diseases.\" \/>\n<meta name=\"robots\" content=\"index, follow, max-snippet:-1, max-image-preview:large, max-video-preview:-1\" \/>\n<link rel=\"canonical\" href=\"https:\/\/www.szpitalnaklinach.pl\/klo\/en\/zabiegi-bariatryczne\/mini-gastric-bypass-mgb\/\" \/>\n<meta property=\"og:locale\" content=\"en_US\" \/>\n<meta property=\"og:type\" content=\"article\" \/>\n<meta property=\"og:title\" content=\"Mini \u2013 Gastric Bypass (MGB) - Bariatric treatment\" \/>\n<meta property=\"og:description\" content=\"Mini \u2013 Gastric Bypass (MGB) has become popular in recent years, mainly in some Asian countries, due to the expected weight loss effect and good control of type 2 diabetes and other diseases.\" \/>\n<meta property=\"og:url\" content=\"https:\/\/www.szpitalnaklinach.pl\/klo\/en\/zabiegi-bariatryczne\/mini-gastric-bypass-mgb\/\" \/>\n<meta property=\"og:site_name\" content=\"Klinika Leczenia Oty\u0142o\u015bci w Szpitalu na Klinach\" \/>\n<meta property=\"article:modified_time\" content=\"2021-10-13T11:21:44+00:00\" \/>\n<meta name=\"twitter:card\" content=\"summary_large_image\" \/>\n<script type=\"application\/ld+json\" class=\"yoast-schema-graph\">{\"@context\":\"https:\/\/schema.org\",\"@graph\":[{\"@type\":\"WebSite\",\"@id\":\"https:\/\/www.szpitalnaklinach.pl\/klo\/en\/#website\",\"url\":\"https:\/\/www.szpitalnaklinach.pl\/klo\/en\/\",\"name\":\"Klinika Leczenia Oty\\u0142o\\u015bci w Szpitalu na Klinach\",\"description\":\"Klinika Leczenia Oty\\u0142o\\u015bci w Szpitalu na Klinach\",\"potentialAction\":[{\"@type\":\"SearchAction\",\"target\":{\"@type\":\"EntryPoint\",\"urlTemplate\":\"https:\/\/www.szpitalnaklinach.pl\/klo\/en\/?s={search_term_string}\"},\"query-input\":\"required name=search_term_string\"}],\"inLanguage\":\"en-US\"},{\"@type\":\"WebPage\",\"@id\":\"https:\/\/www.szpitalnaklinach.pl\/klo\/en\/zabiegi-bariatryczne\/mini-gastric-bypass-mgb\/#webpage\",\"url\":\"https:\/\/www.szpitalnaklinach.pl\/klo\/en\/zabiegi-bariatryczne\/mini-gastric-bypass-mgb\/\",\"name\":\"Mini \\u2013 Gastric Bypass (MGB) - Bariatric treatment\",\"isPartOf\":{\"@id\":\"https:\/\/www.szpitalnaklinach.pl\/klo\/en\/#website\"},\"datePublished\":\"2020-09-25T08:16:51+00:00\",\"dateModified\":\"2021-10-13T11:21:44+00:00\",\"description\":\"Mini \\u2013 Gastric Bypass (MGB) has become popular in recent years, mainly in some Asian countries, due to the expected weight loss effect and good control of type 2 diabetes and other diseases.\",\"breadcrumb\":{\"@id\":\"https:\/\/www.szpitalnaklinach.pl\/klo\/en\/zabiegi-bariatryczne\/mini-gastric-bypass-mgb\/#breadcrumb\"},\"inLanguage\":\"en-US\",\"potentialAction\":[{\"@type\":\"ReadAction\",\"target\":[\"https:\/\/www.szpitalnaklinach.pl\/klo\/en\/zabiegi-bariatryczne\/mini-gastric-bypass-mgb\/\"]}]},{\"@type\":\"BreadcrumbList\",\"@id\":\"https:\/\/www.szpitalnaklinach.pl\/klo\/en\/zabiegi-bariatryczne\/mini-gastric-bypass-mgb\/#breadcrumb\",\"itemListElement\":[{\"@type\":\"ListItem\",\"position\":1,\"name\":\"Strona g\\u0142\\u00f3wna\",\"item\":\"https:\/\/www.szpitalnaklinach.pl\/klo\/en\/\"},{\"@type\":\"ListItem\",\"position\":2,\"name\":\"Bariatric treatment\",\"item\":\"https:\/\/www.szpitalnaklinach.pl\/klo\/en\/zabiegi-bariatryczne\/\"},{\"@type\":\"ListItem\",\"position\":3,\"name\":\"Mini \\u2013 Gastric Bypass (MGB)\"}]}]}<\/script>\n<!-- \/ Yoast SEO plugin. -->","yoast_head_json":{"title":"Mini \u2013 Gastric Bypass (MGB) - Bariatric treatment","description":"Mini \u2013 Gastric Bypass (MGB) has become popular in recent years, mainly in some Asian countries, due to the expected weight loss effect and good control of type 2 diabetes and other diseases.","robots":{"index":"index","follow":"follow","max-snippet":"max-snippet:-1","max-image-preview":"max-image-preview:large","max-video-preview":"max-video-preview:-1"},"canonical":"https:\/\/www.szpitalnaklinach.pl\/klo\/en\/zabiegi-bariatryczne\/mini-gastric-bypass-mgb\/","og_locale":"en_US","og_type":"article","og_title":"Mini \u2013 Gastric Bypass (MGB) - Bariatric treatment","og_description":"Mini \u2013 Gastric Bypass (MGB) has become popular in recent years, mainly in some Asian countries, due to the expected weight loss effect and good control of type 2 diabetes and other diseases.","og_url":"https:\/\/www.szpitalnaklinach.pl\/klo\/en\/zabiegi-bariatryczne\/mini-gastric-bypass-mgb\/","og_site_name":"Klinika Leczenia Oty\u0142o\u015bci w Szpitalu na Klinach","article_modified_time":"2021-10-13T11:21:44+00:00","twitter_card":"summary_large_image","schema":{"@context":"https:\/\/schema.org","@graph":[{"@type":"WebSite","@id":"https:\/\/www.szpitalnaklinach.pl\/klo\/en\/#website","url":"https:\/\/www.szpitalnaklinach.pl\/klo\/en\/","name":"Klinika Leczenia Oty\u0142o\u015bci w Szpitalu na Klinach","description":"Klinika Leczenia Oty\u0142o\u015bci w Szpitalu na Klinach","potentialAction":[{"@type":"SearchAction","target":{"@type":"EntryPoint","urlTemplate":"https:\/\/www.szpitalnaklinach.pl\/klo\/en\/?s={search_term_string}"},"query-input":"required name=search_term_string"}],"inLanguage":"en-US"},{"@type":"WebPage","@id":"https:\/\/www.szpitalnaklinach.pl\/klo\/en\/zabiegi-bariatryczne\/mini-gastric-bypass-mgb\/#webpage","url":"https:\/\/www.szpitalnaklinach.pl\/klo\/en\/zabiegi-bariatryczne\/mini-gastric-bypass-mgb\/","name":"Mini \u2013 Gastric Bypass (MGB) - Bariatric treatment","isPartOf":{"@id":"https:\/\/www.szpitalnaklinach.pl\/klo\/en\/#website"},"datePublished":"2020-09-25T08:16:51+00:00","dateModified":"2021-10-13T11:21:44+00:00","description":"Mini \u2013 Gastric Bypass (MGB) has become popular in recent years, mainly in some Asian countries, due to the expected weight loss effect and good control of type 2 diabetes and other diseases.","breadcrumb":{"@id":"https:\/\/www.szpitalnaklinach.pl\/klo\/en\/zabiegi-bariatryczne\/mini-gastric-bypass-mgb\/#breadcrumb"},"inLanguage":"en-US","potentialAction":[{"@type":"ReadAction","target":["https:\/\/www.szpitalnaklinach.pl\/klo\/en\/zabiegi-bariatryczne\/mini-gastric-bypass-mgb\/"]}]},{"@type":"BreadcrumbList","@id":"https:\/\/www.szpitalnaklinach.pl\/klo\/en\/zabiegi-bariatryczne\/mini-gastric-bypass-mgb\/#breadcrumb","itemListElement":[{"@type":"ListItem","position":1,"name":"Strona g\u0142\u00f3wna","item":"https:\/\/www.szpitalnaklinach.pl\/klo\/en\/"},{"@type":"ListItem","position":2,"name":"Bariatric treatment","item":"https:\/\/www.szpitalnaklinach.pl\/klo\/en\/zabiegi-bariatryczne\/"},{"@type":"ListItem","position":3,"name":"Mini \u2013 Gastric Bypass (MGB)"}]}]}},"_links":{"self":[{"href":"https:\/\/www.szpitalnaklinach.pl\/klo\/en\/wp-json\/wp\/v2\/pages\/842","targetHints":{"allow":["GET"]}}],"collection":[{"href":"https:\/\/www.szpitalnaklinach.pl\/klo\/en\/wp-json\/wp\/v2\/pages"}],"about":[{"href":"https:\/\/www.szpitalnaklinach.pl\/klo\/en\/wp-json\/wp\/v2\/types\/page"}],"author":[{"embeddable":true,"href":"https:\/\/www.szpitalnaklinach.pl\/klo\/en\/wp-json\/wp\/v2\/users\/1"}],"replies":[{"embeddable":true,"href":"https:\/\/www.szpitalnaklinach.pl\/klo\/en\/wp-json\/wp\/v2\/comments?post=842"}],"version-history":[{"count":3,"href":"https:\/\/www.szpitalnaklinach.pl\/klo\/en\/wp-json\/wp\/v2\/pages\/842\/revisions"}],"predecessor-version":[{"id":929,"href":"https:\/\/www.szpitalnaklinach.pl\/klo\/en\/wp-json\/wp\/v2\/pages\/842\/revisions\/929"}],"up":[{"embeddable":true,"href":"https:\/\/www.szpitalnaklinach.pl\/klo\/en\/wp-json\/wp\/v2\/pages\/833"}],"wp:attachment":[{"href":"https:\/\/www.szpitalnaklinach.pl\/klo\/en\/wp-json\/wp\/v2\/media?parent=842"}],"curies":[{"name":"wp","href":"https:\/\/api.w.org\/{rel}","templated":true}]}}