{"id":840,"date":"2020-09-25T10:08:52","date_gmt":"2020-09-25T08:08:52","guid":{"rendered":"https:\/\/www.szpitalnaklinach.pl\/klozabiegi-bariatryczne\/gastric-bypass\/"},"modified":"2021-10-13T13:23:05","modified_gmt":"2021-10-13T11:23:05","slug":"gastric-bypass","status":"publish","type":"page","link":"https:\/\/www.szpitalnaklinach.pl\/klo\/en\/zabiegi-bariatryczne\/gastric-bypass\/","title":{"rendered":"Gastric Bypass"},"content":{"rendered":"","protected":false},"excerpt":{"rendered":"","protected":false},"author":1,"featured_media":0,"parent":833,"menu_order":0,"comment_status":"closed","ping_status":"closed","template":"","meta":{"footnotes":""},"class_list":["post-840","page","type-page","status-publish","hentry"],"yoast_head":"<!-- This site is optimized with the Yoast SEO plugin v17.2 - https:\/\/yoast.com\/wordpress\/plugins\/seo\/ -->\n<title>Gastric Bypass - Bariatric treatment<\/title>\n<meta name=\"description\" content=\"This treatment is highly recommended for people whose body mass index is higher than 35 and they also have type 2 diabetes and metabolic syndrome.\" \/>\n<meta name=\"robots\" content=\"index, follow, max-snippet:-1, max-image-preview:large, max-video-preview:-1\" \/>\n<link rel=\"canonical\" href=\"https:\/\/www.szpitalnaklinach.pl\/klo\/en\/zabiegi-bariatryczne\/gastric-bypass\/\" \/>\n<meta property=\"og:locale\" content=\"en_US\" \/>\n<meta property=\"og:type\" content=\"article\" \/>\n<meta property=\"og:title\" content=\"Gastric Bypass - Bariatric treatment\" \/>\n<meta property=\"og:description\" content=\"This treatment is highly recommended for people whose body mass index is higher than 35 and they also have type 2 diabetes and metabolic syndrome.\" \/>\n<meta property=\"og:url\" content=\"https:\/\/www.szpitalnaklinach.pl\/klo\/en\/zabiegi-bariatryczne\/gastric-bypass\/\" \/>\n<meta property=\"og:site_name\" content=\"Klinika Leczenia Oty\u0142o\u015bci w Szpitalu na Klinach\" \/>\n<meta property=\"article:modified_time\" content=\"2021-10-13T11:23:05+00:00\" \/>\n<meta name=\"twitter:card\" content=\"summary_large_image\" \/>\n<script type=\"application\/ld+json\" class=\"yoast-schema-graph\">{\"@context\":\"https:\/\/schema.org\",\"@graph\":[{\"@type\":\"WebSite\",\"@id\":\"https:\/\/www.szpitalnaklinach.pl\/klo\/en\/#website\",\"url\":\"https:\/\/www.szpitalnaklinach.pl\/klo\/en\/\",\"name\":\"Klinika Leczenia Oty\\u0142o\\u015bci w Szpitalu na Klinach\",\"description\":\"Klinika Leczenia Oty\\u0142o\\u015bci w Szpitalu na Klinach\",\"potentialAction\":[{\"@type\":\"SearchAction\",\"target\":{\"@type\":\"EntryPoint\",\"urlTemplate\":\"https:\/\/www.szpitalnaklinach.pl\/klo\/en\/?s={search_term_string}\"},\"query-input\":\"required name=search_term_string\"}],\"inLanguage\":\"en-US\"},{\"@type\":\"WebPage\",\"@id\":\"https:\/\/www.szpitalnaklinach.pl\/klo\/en\/zabiegi-bariatryczne\/gastric-bypass\/#webpage\",\"url\":\"https:\/\/www.szpitalnaklinach.pl\/klo\/en\/zabiegi-bariatryczne\/gastric-bypass\/\",\"name\":\"Gastric Bypass - Bariatric treatment\",\"isPartOf\":{\"@id\":\"https:\/\/www.szpitalnaklinach.pl\/klo\/en\/#website\"},\"datePublished\":\"2020-09-25T08:08:52+00:00\",\"dateModified\":\"2021-10-13T11:23:05+00:00\",\"description\":\"This treatment is highly recommended for people whose body mass index is higher than 35 and they also have type 2 diabetes and metabolic syndrome.\",\"breadcrumb\":{\"@id\":\"https:\/\/www.szpitalnaklinach.pl\/klo\/en\/zabiegi-bariatryczne\/gastric-bypass\/#breadcrumb\"},\"inLanguage\":\"en-US\",\"potentialAction\":[{\"@type\":\"ReadAction\",\"target\":[\"https:\/\/www.szpitalnaklinach.pl\/klo\/en\/zabiegi-bariatryczne\/gastric-bypass\/\"]}]},{\"@type\":\"BreadcrumbList\",\"@id\":\"https:\/\/www.szpitalnaklinach.pl\/klo\/en\/zabiegi-bariatryczne\/gastric-bypass\/#breadcrumb\",\"itemListElement\":[{\"@type\":\"ListItem\",\"position\":1,\"name\":\"Strona g\\u0142\\u00f3wna\",\"item\":\"https:\/\/www.szpitalnaklinach.pl\/klo\/en\/\"},{\"@type\":\"ListItem\",\"position\":2,\"name\":\"Bariatric treatment\",\"item\":\"https:\/\/www.szpitalnaklinach.pl\/klo\/en\/zabiegi-bariatryczne\/\"},{\"@type\":\"ListItem\",\"position\":3,\"name\":\"Gastric Bypass\"}]}]}<\/script>\n<!-- \/ Yoast SEO plugin. -->","yoast_head_json":{"title":"Gastric Bypass - Bariatric treatment","description":"This treatment is highly recommended for people whose body mass index is higher than 35 and they also have type 2 diabetes and metabolic syndrome.","robots":{"index":"index","follow":"follow","max-snippet":"max-snippet:-1","max-image-preview":"max-image-preview:large","max-video-preview":"max-video-preview:-1"},"canonical":"https:\/\/www.szpitalnaklinach.pl\/klo\/en\/zabiegi-bariatryczne\/gastric-bypass\/","og_locale":"en_US","og_type":"article","og_title":"Gastric Bypass - Bariatric treatment","og_description":"This treatment is highly recommended for people whose body mass index is higher than 35 and they also have type 2 diabetes and metabolic syndrome.","og_url":"https:\/\/www.szpitalnaklinach.pl\/klo\/en\/zabiegi-bariatryczne\/gastric-bypass\/","og_site_name":"Klinika Leczenia Oty\u0142o\u015bci w Szpitalu na Klinach","article_modified_time":"2021-10-13T11:23:05+00:00","twitter_card":"summary_large_image","schema":{"@context":"https:\/\/schema.org","@graph":[{"@type":"WebSite","@id":"https:\/\/www.szpitalnaklinach.pl\/klo\/en\/#website","url":"https:\/\/www.szpitalnaklinach.pl\/klo\/en\/","name":"Klinika Leczenia Oty\u0142o\u015bci w Szpitalu na Klinach","description":"Klinika Leczenia Oty\u0142o\u015bci w Szpitalu na Klinach","potentialAction":[{"@type":"SearchAction","target":{"@type":"EntryPoint","urlTemplate":"https:\/\/www.szpitalnaklinach.pl\/klo\/en\/?s={search_term_string}"},"query-input":"required name=search_term_string"}],"inLanguage":"en-US"},{"@type":"WebPage","@id":"https:\/\/www.szpitalnaklinach.pl\/klo\/en\/zabiegi-bariatryczne\/gastric-bypass\/#webpage","url":"https:\/\/www.szpitalnaklinach.pl\/klo\/en\/zabiegi-bariatryczne\/gastric-bypass\/","name":"Gastric Bypass - Bariatric treatment","isPartOf":{"@id":"https:\/\/www.szpitalnaklinach.pl\/klo\/en\/#website"},"datePublished":"2020-09-25T08:08:52+00:00","dateModified":"2021-10-13T11:23:05+00:00","description":"This treatment is highly recommended for people whose body mass index is higher than 35 and they also have type 2 diabetes and metabolic syndrome.","breadcrumb":{"@id":"https:\/\/www.szpitalnaklinach.pl\/klo\/en\/zabiegi-bariatryczne\/gastric-bypass\/#breadcrumb"},"inLanguage":"en-US","potentialAction":[{"@type":"ReadAction","target":["https:\/\/www.szpitalnaklinach.pl\/klo\/en\/zabiegi-bariatryczne\/gastric-bypass\/"]}]},{"@type":"BreadcrumbList","@id":"https:\/\/www.szpitalnaklinach.pl\/klo\/en\/zabiegi-bariatryczne\/gastric-bypass\/#breadcrumb","itemListElement":[{"@type":"ListItem","position":1,"name":"Strona g\u0142\u00f3wna","item":"https:\/\/www.szpitalnaklinach.pl\/klo\/en\/"},{"@type":"ListItem","position":2,"name":"Bariatric treatment","item":"https:\/\/www.szpitalnaklinach.pl\/klo\/en\/zabiegi-bariatryczne\/"},{"@type":"ListItem","position":3,"name":"Gastric Bypass"}]}]}},"_links":{"self":[{"href":"https:\/\/www.szpitalnaklinach.pl\/klo\/en\/wp-json\/wp\/v2\/pages\/840","targetHints":{"allow":["GET"]}}],"collection":[{"href":"https:\/\/www.szpitalnaklinach.pl\/klo\/en\/wp-json\/wp\/v2\/pages"}],"about":[{"href":"https:\/\/www.szpitalnaklinach.pl\/klo\/en\/wp-json\/wp\/v2\/types\/page"}],"author":[{"embeddable":true,"href":"https:\/\/www.szpitalnaklinach.pl\/klo\/en\/wp-json\/wp\/v2\/users\/1"}],"replies":[{"embeddable":true,"href":"https:\/\/www.szpitalnaklinach.pl\/klo\/en\/wp-json\/wp\/v2\/comments?post=840"}],"version-history":[{"count":5,"href":"https:\/\/www.szpitalnaklinach.pl\/klo\/en\/wp-json\/wp\/v2\/pages\/840\/revisions"}],"predecessor-version":[{"id":930,"href":"https:\/\/www.szpitalnaklinach.pl\/klo\/en\/wp-json\/wp\/v2\/pages\/840\/revisions\/930"}],"up":[{"embeddable":true,"href":"https:\/\/www.szpitalnaklinach.pl\/klo\/en\/wp-json\/wp\/v2\/pages\/833"}],"wp:attachment":[{"href":"https:\/\/www.szpitalnaklinach.pl\/klo\/en\/wp-json\/wp\/v2\/media?parent=840"}],"curies":[{"name":"wp","href":"https:\/\/api.w.org\/{rel}","templated":true}]}}