{"id":833,"date":"2020-09-24T15:03:31","date_gmt":"2020-09-24T13:03:31","guid":{"rendered":"https:\/\/www.szpitalnaklinach.pl\/klozabiegi-bariatryczne\/"},"modified":"2023-06-29T18:16:57","modified_gmt":"2023-06-29T16:16:57","slug":"zabiegi-bariatryczne","status":"publish","type":"page","link":"https:\/\/www.szpitalnaklinach.pl\/klo\/en\/zabiegi-bariatryczne\/","title":{"rendered":"Bariatric treatment"},"content":{"rendered":"","protected":false},"excerpt":{"rendered":"","protected":false},"author":1,"featured_media":0,"parent":0,"menu_order":0,"comment_status":"closed","ping_status":"closed","template":"","meta":{"footnotes":""},"class_list":["post-833","page","type-page","status-publish","hentry"],"yoast_head":"<!-- This site is optimized with the Yoast SEO plugin v17.2 - https:\/\/yoast.com\/wordpress\/plugins\/seo\/ -->\n<title>Types of bariatric surgeries performed in our hospital<\/title>\n<meta name=\"description\" content=\"Most procedures utilize minimally invasive methods, such as laparoscopy or the surgical robotic system. \ud83d\udc49Read more\ud83d\udc48\" \/>\n<meta name=\"robots\" content=\"index, follow, max-snippet:-1, max-image-preview:large, max-video-preview:-1\" \/>\n<link rel=\"canonical\" href=\"https:\/\/www.szpitalnaklinach.pl\/klo\/en\/zabiegi-bariatryczne\/\" \/>\n<meta property=\"og:locale\" content=\"en_US\" \/>\n<meta property=\"og:type\" content=\"article\" \/>\n<meta property=\"og:title\" content=\"Types of bariatric surgeries performed in our hospital\" \/>\n<meta property=\"og:description\" content=\"Most procedures utilize minimally invasive methods, such as laparoscopy or the surgical robotic system. \ud83d\udc49Read more\ud83d\udc48\" \/>\n<meta property=\"og:url\" content=\"https:\/\/www.szpitalnaklinach.pl\/klo\/en\/zabiegi-bariatryczne\/\" \/>\n<meta property=\"og:site_name\" content=\"Klinika Leczenia Oty\u0142o\u015bci w Szpitalu na Klinach\" \/>\n<meta property=\"article:modified_time\" content=\"2023-06-29T16:16:57+00:00\" \/>\n<meta name=\"twitter:card\" content=\"summary_large_image\" \/>\n<script type=\"application\/ld+json\" class=\"yoast-schema-graph\">{\"@context\":\"https:\/\/schema.org\",\"@graph\":[{\"@type\":\"WebSite\",\"@id\":\"https:\/\/www.szpitalnaklinach.pl\/klo\/en\/#website\",\"url\":\"https:\/\/www.szpitalnaklinach.pl\/klo\/en\/\",\"name\":\"Klinika Leczenia Oty\\u0142o\\u015bci w Szpitalu na Klinach\",\"description\":\"Klinika Leczenia Oty\\u0142o\\u015bci w Szpitalu na Klinach\",\"potentialAction\":[{\"@type\":\"SearchAction\",\"target\":{\"@type\":\"EntryPoint\",\"urlTemplate\":\"https:\/\/www.szpitalnaklinach.pl\/klo\/en\/?s={search_term_string}\"},\"query-input\":\"required name=search_term_string\"}],\"inLanguage\":\"en-US\"},{\"@type\":\"WebPage\",\"@id\":\"https:\/\/www.szpitalnaklinach.pl\/klo\/en\/zabiegi-bariatryczne\/#webpage\",\"url\":\"https:\/\/www.szpitalnaklinach.pl\/klo\/en\/zabiegi-bariatryczne\/\",\"name\":\"Types of bariatric surgeries performed in our hospital\",\"isPartOf\":{\"@id\":\"https:\/\/www.szpitalnaklinach.pl\/klo\/en\/#website\"},\"datePublished\":\"2020-09-24T13:03:31+00:00\",\"dateModified\":\"2023-06-29T16:16:57+00:00\",\"description\":\"Most procedures utilize minimally invasive methods, such as laparoscopy or the surgical robotic system. \\ud83d\\udc49Read more\\ud83d\\udc48\",\"breadcrumb\":{\"@id\":\"https:\/\/www.szpitalnaklinach.pl\/klo\/en\/zabiegi-bariatryczne\/#breadcrumb\"},\"inLanguage\":\"en-US\",\"potentialAction\":[{\"@type\":\"ReadAction\",\"target\":[\"https:\/\/www.szpitalnaklinach.pl\/klo\/en\/zabiegi-bariatryczne\/\"]}]},{\"@type\":\"BreadcrumbList\",\"@id\":\"https:\/\/www.szpitalnaklinach.pl\/klo\/en\/zabiegi-bariatryczne\/#breadcrumb\",\"itemListElement\":[{\"@type\":\"ListItem\",\"position\":1,\"name\":\"Strona g\\u0142\\u00f3wna\",\"item\":\"https:\/\/www.szpitalnaklinach.pl\/klo\/en\/\"},{\"@type\":\"ListItem\",\"position\":2,\"name\":\"Bariatric treatment\"}]}]}<\/script>\n<!-- \/ Yoast SEO plugin. -->","yoast_head_json":{"title":"Types of bariatric surgeries performed in our hospital","description":"Most procedures utilize minimally invasive methods, such as laparoscopy or the surgical robotic system. \ud83d\udc49Read more\ud83d\udc48","robots":{"index":"index","follow":"follow","max-snippet":"max-snippet:-1","max-image-preview":"max-image-preview:large","max-video-preview":"max-video-preview:-1"},"canonical":"https:\/\/www.szpitalnaklinach.pl\/klo\/en\/zabiegi-bariatryczne\/","og_locale":"en_US","og_type":"article","og_title":"Types of bariatric surgeries performed in our hospital","og_description":"Most procedures utilize minimally invasive methods, such as laparoscopy or the surgical robotic system. \ud83d\udc49Read more\ud83d\udc48","og_url":"https:\/\/www.szpitalnaklinach.pl\/klo\/en\/zabiegi-bariatryczne\/","og_site_name":"Klinika Leczenia Oty\u0142o\u015bci w Szpitalu na Klinach","article_modified_time":"2023-06-29T16:16:57+00:00","twitter_card":"summary_large_image","schema":{"@context":"https:\/\/schema.org","@graph":[{"@type":"WebSite","@id":"https:\/\/www.szpitalnaklinach.pl\/klo\/en\/#website","url":"https:\/\/www.szpitalnaklinach.pl\/klo\/en\/","name":"Klinika Leczenia Oty\u0142o\u015bci w Szpitalu na Klinach","description":"Klinika Leczenia Oty\u0142o\u015bci w Szpitalu na Klinach","potentialAction":[{"@type":"SearchAction","target":{"@type":"EntryPoint","urlTemplate":"https:\/\/www.szpitalnaklinach.pl\/klo\/en\/?s={search_term_string}"},"query-input":"required name=search_term_string"}],"inLanguage":"en-US"},{"@type":"WebPage","@id":"https:\/\/www.szpitalnaklinach.pl\/klo\/en\/zabiegi-bariatryczne\/#webpage","url":"https:\/\/www.szpitalnaklinach.pl\/klo\/en\/zabiegi-bariatryczne\/","name":"Types of bariatric surgeries performed in our hospital","isPartOf":{"@id":"https:\/\/www.szpitalnaklinach.pl\/klo\/en\/#website"},"datePublished":"2020-09-24T13:03:31+00:00","dateModified":"2023-06-29T16:16:57+00:00","description":"Most procedures utilize minimally invasive methods, such as laparoscopy or the surgical robotic system. \ud83d\udc49Read more\ud83d\udc48","breadcrumb":{"@id":"https:\/\/www.szpitalnaklinach.pl\/klo\/en\/zabiegi-bariatryczne\/#breadcrumb"},"inLanguage":"en-US","potentialAction":[{"@type":"ReadAction","target":["https:\/\/www.szpitalnaklinach.pl\/klo\/en\/zabiegi-bariatryczne\/"]}]},{"@type":"BreadcrumbList","@id":"https:\/\/www.szpitalnaklinach.pl\/klo\/en\/zabiegi-bariatryczne\/#breadcrumb","itemListElement":[{"@type":"ListItem","position":1,"name":"Strona g\u0142\u00f3wna","item":"https:\/\/www.szpitalnaklinach.pl\/klo\/en\/"},{"@type":"ListItem","position":2,"name":"Bariatric treatment"}]}]}},"_links":{"self":[{"href":"https:\/\/www.szpitalnaklinach.pl\/klo\/en\/wp-json\/wp\/v2\/pages\/833","targetHints":{"allow":["GET"]}}],"collection":[{"href":"https:\/\/www.szpitalnaklinach.pl\/klo\/en\/wp-json\/wp\/v2\/pages"}],"about":[{"href":"https:\/\/www.szpitalnaklinach.pl\/klo\/en\/wp-json\/wp\/v2\/types\/page"}],"author":[{"embeddable":true,"href":"https:\/\/www.szpitalnaklinach.pl\/klo\/en\/wp-json\/wp\/v2\/users\/1"}],"replies":[{"embeddable":true,"href":"https:\/\/www.szpitalnaklinach.pl\/klo\/en\/wp-json\/wp\/v2\/comments?post=833"}],"version-history":[{"count":9,"href":"https:\/\/www.szpitalnaklinach.pl\/klo\/en\/wp-json\/wp\/v2\/pages\/833\/revisions"}],"predecessor-version":[{"id":1047,"href":"https:\/\/www.szpitalnaklinach.pl\/klo\/en\/wp-json\/wp\/v2\/pages\/833\/revisions\/1047"}],"wp:attachment":[{"href":"https:\/\/www.szpitalnaklinach.pl\/klo\/en\/wp-json\/wp\/v2\/media?parent=833"}],"curies":[{"name":"wp","href":"https:\/\/api.w.org\/{rel}","templated":true}]}}